{"id":305,"date":"2021-05-04T17:44:04","date_gmt":"2021-05-04T17:44:04","guid":{"rendered":"https:\/\/nea.rs\/?page_id=305"},"modified":"2021-05-05T08:07:53","modified_gmt":"2021-05-05T08:07:53","slug":"strucni-savet-nea","status":"publish","type":"page","link":"https:\/\/nea.rs\/index.php\/strucni-savet-nea\/","title":{"rendered":"Stru\u010dni savet NEA"},"content":{"rendered":"<div class=\"foogallery foogallery-container foogallery-masonry foogallery-lightbox-none fg-center fg-masonry fg-light fg-border-thin fg-shadow-small fg-loading-default fg-loaded-fade-in fg-captions-bottom fg-hover-fade fg-hover-zoom3 fg-light-overlays fg-c-c fg-ready fg-col6\" id=\"foogallery-gallery-304\" data-foogallery=\"{&quot;item&quot;:{&quot;showCaptionTitle&quot;:true,&quot;showCaptionDescription&quot;:true},&quot;lazy&quot;:true,&quot;template&quot;:{&quot;horizontalOrder&quot;:true}}\" >\r\n\t\t<div class=\"fg-column-width\"><\/div>\r\n\t<div class=\"fg-gutter-width\"><\/div>\r\n\t\t<div class=\"fg-item fg-type-image fg-idle\"><figure class=\"fg-item-inner\"><a href=\"milenko-jovanovic-dipl-meteorolog\" data-caption-title=\"Milenko Jovanovi\u0107\" data-attachment-id=\"169\" class=\"fg-thumb\"><span class=\"fg-image-wrap\"><img decoding=\"async\" title=\"Milenko Jovanovi\u0107\" width=\"90\" height=\"105\" class=\"skip-lazy fg-image\" data-src-fg=\"https:\/\/nea.rs\/wp-content\/uploads\/2021\/05\/milenko_jovanovic-1.png\" src=\"data:image\/svg+xml,%3Csvg%20xmlns%3D%22http%3A%2F%2Fwww.w3.org%2F2000%2Fsvg%22%20width%3D%2290%22%20height%3D%22105%22%20viewBox%3D%220%200%2090%20105%22%3E%3C%2Fsvg%3E\" loading=\"eager\"><\/span><span class=\"fg-image-overlay\"><\/span><\/a><figcaption class=\"fg-caption\"><div class=\"fg-caption-inner\"><div class=\"fg-caption-title\">Milenko Jovanovi\u0107<\/div><\/div><\/figcaption><\/figure><div class=\"fg-loader\"><\/div><\/div><div class=\"fg-item fg-type-image fg-idle\"><figure class=\"fg-item-inner\"><a href=\"prof-dr-ratko-ristic-dipl-inz-sumarstva\" data-caption-title=\"Ratko Risti\u0107\" data-attachment-id=\"158\" class=\"fg-thumb\"><span class=\"fg-image-wrap\"><img decoding=\"async\" title=\"Ratko Risti\u0107\" width=\"90\" height=\"106.1797752809\" class=\"skip-lazy fg-image\" data-src-fg=\"https:\/\/nea.rs\/wp-content\/uploads\/2021\/05\/ratko_ristic-1.png\" src=\"data:image\/svg+xml,%3Csvg%20xmlns%3D%22http%3A%2F%2Fwww.w3.org%2F2000%2Fsvg%22%20width%3D%2290%22%20height%3D%22106.1797752809%22%20viewBox%3D%220%200%2090%20106.1797752809%22%3E%3C%2Fsvg%3E\" loading=\"eager\"><\/span><span class=\"fg-image-overlay\"><\/span><\/a><figcaption class=\"fg-caption\"><div class=\"fg-caption-inner\"><div class=\"fg-caption-title\">Ratko Risti\u0107<\/div><\/div><\/figcaption><\/figure><div class=\"fg-loader\"><\/div><\/div><div class=\"fg-item fg-type-image fg-idle\"><figure class=\"fg-item-inner\"><a href=\"https:\/\/nea.rs\/wp-content\/uploads\/2023\/05\/dragoljub_bakic-1-1.png\" data-caption-title=\"Dragoljub Baki\u0107\" data-attachment-id=\"1289\" class=\"fg-thumb\"><span class=\"fg-image-wrap\"><img decoding=\"async\" title=\"Dragoljub Baki\u0107\" width=\"90\" height=\"105\" class=\"skip-lazy fg-image\" data-src-fg=\"https:\/\/nea.rs\/wp-content\/uploads\/2023\/05\/dragoljub_bakic-1-1.png\" src=\"data:image\/svg+xml,%3Csvg%20xmlns%3D%22http%3A%2F%2Fwww.w3.org%2F2000%2Fsvg%22%20width%3D%2290%22%20height%3D%22105%22%20viewBox%3D%220%200%2090%20105%22%3E%3C%2Fsvg%3E\" loading=\"eager\"><\/span><span class=\"fg-image-overlay\"><\/span><\/a><figcaption class=\"fg-caption\"><div class=\"fg-caption-inner\"><div class=\"fg-caption-title\">Dragoljub Baki\u0107<\/div><\/div><\/figcaption><\/figure><div class=\"fg-loader\"><\/div><\/div><div class=\"fg-item fg-type-image fg-idle\"><figure class=\"fg-item-inner\"><a href=\"branislav-bozovic-dipl-inz-geologije\" data-caption-title=\"Branislav Bo\u017eovi\u0107\" data-attachment-id=\"164\" class=\"fg-thumb\"><span class=\"fg-image-wrap\"><img decoding=\"async\" title=\"Branislav Bo\u017eovi\u0107\" width=\"90\" height=\"105\" class=\"skip-lazy fg-image\" data-src-fg=\"https:\/\/nea.rs\/wp-content\/uploads\/2021\/05\/branislav_bozovic-1.png\" src=\"data:image\/svg+xml,%3Csvg%20xmlns%3D%22http%3A%2F%2Fwww.w3.org%2F2000%2Fsvg%22%20width%3D%2290%22%20height%3D%22105%22%20viewBox%3D%220%200%2090%20105%22%3E%3C%2Fsvg%3E\" loading=\"eager\"><\/span><span class=\"fg-image-overlay\"><\/span><\/a><figcaption class=\"fg-caption\"><div class=\"fg-caption-inner\"><div class=\"fg-caption-title\">Branislav Bo\u017eovi\u0107<\/div><\/div><\/figcaption><\/figure><div class=\"fg-loader\"><\/div><\/div><div class=\"fg-item fg-type-image fg-idle\"><figure class=\"fg-item-inner\"><a href=\"prof-dr-predrag-simonovic-dipl-biolog\" data-caption-title=\"Predrag Simonovi\u0107\" data-attachment-id=\"173\" class=\"fg-thumb\"><span class=\"fg-image-wrap\"><img decoding=\"async\" title=\"Predrag Simonovi\u0107\" width=\"90\" height=\"105\" class=\"skip-lazy fg-image\" data-src-fg=\"https:\/\/nea.rs\/wp-content\/uploads\/2021\/05\/predrag_simonovic-1.png\" src=\"data:image\/svg+xml,%3Csvg%20xmlns%3D%22http%3A%2F%2Fwww.w3.org%2F2000%2Fsvg%22%20width%3D%2290%22%20height%3D%22105%22%20viewBox%3D%220%200%2090%20105%22%3E%3C%2Fsvg%3E\" loading=\"eager\"><\/span><span class=\"fg-image-overlay\"><\/span><\/a><figcaption class=\"fg-caption\"><div class=\"fg-caption-inner\"><div class=\"fg-caption-title\">Predrag Simonovi\u0107<\/div><\/div><\/figcaption><\/figure><div class=\"fg-loader\"><\/div><\/div><div class=\"fg-item fg-type-image fg-idle\"><figure class=\"fg-item-inner\"><a href=\"prim-dr-elizabet-paunovic-lekar\" data-caption-title=\"Elizabet Paunovi\u0107\" data-attachment-id=\"168\" class=\"fg-thumb\"><span class=\"fg-image-wrap\"><img decoding=\"async\" title=\"Elizabet Paunovi\u0107\" width=\"90\" height=\"105\" class=\"skip-lazy fg-image\" data-src-fg=\"https:\/\/nea.rs\/wp-content\/uploads\/2021\/05\/elizabet_paunovic-1.png\" src=\"data:image\/svg+xml,%3Csvg%20xmlns%3D%22http%3A%2F%2Fwww.w3.org%2F2000%2Fsvg%22%20width%3D%2290%22%20height%3D%22105%22%20viewBox%3D%220%200%2090%20105%22%3E%3C%2Fsvg%3E\" loading=\"eager\"><\/span><span class=\"fg-image-overlay\"><\/span><\/a><figcaption class=\"fg-caption\"><div class=\"fg-caption-inner\"><div class=\"fg-caption-title\">Elizabet Paunovi\u0107<\/div><\/div><\/figcaption><\/figure><div class=\"fg-loader\"><\/div><\/div><div class=\"fg-item fg-type-image fg-idle\"><figure class=\"fg-item-inner\"><a href=\"prof-dr-milos-p-stanic-dipl-inz-gradevine\" target=\"foobox\" data-caption-title=\"Milo\u0161 Stani\u0107\" data-attachment-id=\"170\" class=\"fg-thumb\"><span class=\"fg-image-wrap\"><img decoding=\"async\" title=\"Milo\u0161 Stani\u0107\" width=\"90\" height=\"105\" class=\"skip-lazy fg-image\" data-src-fg=\"https:\/\/nea.rs\/wp-content\/uploads\/2021\/05\/milos_stanic-1.png\" src=\"data:image\/svg+xml,%3Csvg%20xmlns%3D%22http%3A%2F%2Fwww.w3.org%2F2000%2Fsvg%22%20width%3D%2290%22%20height%3D%22105%22%20viewBox%3D%220%200%2090%20105%22%3E%3C%2Fsvg%3E\" loading=\"eager\"><\/span><span class=\"fg-image-overlay\"><\/span><\/a><figcaption class=\"fg-caption\"><div class=\"fg-caption-inner\"><div class=\"fg-caption-title\">Milo\u0161 Stani\u0107<\/div><\/div><\/figcaption><\/figure><div class=\"fg-loader\"><\/div><\/div><div class=\"fg-item fg-type-image fg-idle\"><figure class=\"fg-item-inner\"><a href=\"dr-vladimir-pavicevic-dipl-inz-tehnologije\" data-caption-title=\"Vladimir Pavi\u0107evi\u0107\" data-attachment-id=\"161\" class=\"fg-thumb\"><span class=\"fg-image-wrap\"><img decoding=\"async\" title=\"Vladimir Pavi\u0107evi\u0107\" width=\"90\" height=\"105\" class=\"skip-lazy fg-image\" data-src-fg=\"https:\/\/nea.rs\/wp-content\/uploads\/2021\/05\/vladimir_pavicevic-1.png\" src=\"data:image\/svg+xml,%3Csvg%20xmlns%3D%22http%3A%2F%2Fwww.w3.org%2F2000%2Fsvg%22%20width%3D%2290%22%20height%3D%22105%22%20viewBox%3D%220%200%2090%20105%22%3E%3C%2Fsvg%3E\" loading=\"eager\"><\/span><span class=\"fg-image-overlay\"><\/span><\/a><figcaption class=\"fg-caption\"><div class=\"fg-caption-inner\"><div class=\"fg-caption-title\">Vladimir Pavi\u0107evi\u0107<\/div><\/div><\/figcaption><\/figure><div class=\"fg-loader\"><\/div><\/div><div class=\"fg-item fg-type-image fg-idle\"><figure class=\"fg-item-inner\"><a href=\"dr-vladimir-kovcin-lekar\" data-caption-title=\"Vladimir Kov\u010din\" data-attachment-id=\"160\" class=\"fg-thumb\"><span class=\"fg-image-wrap\"><img decoding=\"async\" title=\"Vladimir Kov\u010din\" width=\"90\" height=\"105\" class=\"skip-lazy fg-image\" data-src-fg=\"https:\/\/nea.rs\/wp-content\/uploads\/2021\/05\/vladimir_kovcin-1.png\" src=\"data:image\/svg+xml,%3Csvg%20xmlns%3D%22http%3A%2F%2Fwww.w3.org%2F2000%2Fsvg%22%20width%3D%2290%22%20height%3D%22105%22%20viewBox%3D%220%200%2090%20105%22%3E%3C%2Fsvg%3E\" loading=\"eager\"><\/span><span class=\"fg-image-overlay\"><\/span><\/a><figcaption class=\"fg-caption\"><div class=\"fg-caption-inner\"><div class=\"fg-caption-title\">Vladimir Kov\u010din<\/div><\/div><\/figcaption><\/figure><div class=\"fg-loader\"><\/div><\/div><div class=\"fg-item fg-type-image fg-idle\"><figure class=\"fg-item-inner\"><a href=\"prof-dr-aleksandar-r-dordevic\" data-caption-title=\"Aleksandar \u0110or\u0111evi\u0107\" data-attachment-id=\"162\" class=\"fg-thumb\"><span class=\"fg-image-wrap\"><img decoding=\"async\" title=\"Aleksandar \u0110or\u0111evi\u0107\" width=\"90\" height=\"105\" class=\"skip-lazy fg-image\" data-src-fg=\"https:\/\/nea.rs\/wp-content\/uploads\/2021\/05\/aleksandar_djordjevic-1.png\" src=\"data:image\/svg+xml,%3Csvg%20xmlns%3D%22http%3A%2F%2Fwww.w3.org%2F2000%2Fsvg%22%20width%3D%2290%22%20height%3D%22105%22%20viewBox%3D%220%200%2090%20105%22%3E%3C%2Fsvg%3E\" loading=\"eager\"><\/span><span class=\"fg-image-overlay\"><\/span><\/a><figcaption class=\"fg-caption\"><div class=\"fg-caption-inner\"><div class=\"fg-caption-title\">Aleksandar \u0110or\u0111evi\u0107<\/div><\/div><\/figcaption><\/figure><div class=\"fg-loader\"><\/div><\/div><div class=\"fg-item fg-type-image fg-idle\"><figure class=\"fg-item-inner\"><a href=\"dr-aleksandar-urosevic-dipl-biolog\" data-caption-title=\"Aleksandar Uro\u0161evi\u0107\" data-attachment-id=\"163\" class=\"fg-thumb\"><span class=\"fg-image-wrap\"><img decoding=\"async\" title=\"Aleksandar Uro\u0161evi\u0107\" width=\"90\" height=\"105\" class=\"skip-lazy fg-image\" data-src-fg=\"https:\/\/nea.rs\/wp-content\/uploads\/2021\/05\/aleksandar_urosevic-1.png\" src=\"data:image\/svg+xml,%3Csvg%20xmlns%3D%22http%3A%2F%2Fwww.w3.org%2F2000%2Fsvg%22%20width%3D%2290%22%20height%3D%22105%22%20viewBox%3D%220%200%2090%20105%22%3E%3C%2Fsvg%3E\" loading=\"eager\"><\/span><span class=\"fg-image-overlay\"><\/span><\/a><figcaption class=\"fg-caption\"><div class=\"fg-caption-inner\"><div class=\"fg-caption-title\">Aleksandar Uro\u0161evi\u0107<\/div><\/div><\/figcaption><\/figure><div class=\"fg-loader\"><\/div><\/div><div class=\"fg-item fg-type-image fg-idle\"><figure class=\"fg-item-inner\"><a href=\"prof-dr-dragana-jovanovic-lekar\" data-caption-title=\"Dragana Jovanovi\u0107\" data-attachment-id=\"166\" class=\"fg-thumb\"><span class=\"fg-image-wrap\"><img decoding=\"async\" title=\"Dragana Jovanovi\u0107\" width=\"90\" height=\"105\" class=\"skip-lazy fg-image\" data-src-fg=\"https:\/\/nea.rs\/wp-content\/uploads\/2021\/05\/dragana_jovanovic-1.png\" src=\"data:image\/svg+xml,%3Csvg%20xmlns%3D%22http%3A%2F%2Fwww.w3.org%2F2000%2Fsvg%22%20width%3D%2290%22%20height%3D%22105%22%20viewBox%3D%220%200%2090%20105%22%3E%3C%2Fsvg%3E\" loading=\"eager\"><\/span><span class=\"fg-image-overlay\"><\/span><\/a><figcaption class=\"fg-caption\"><div class=\"fg-caption-inner\"><div class=\"fg-caption-title\">Dragana Jovanovi\u0107<\/div><\/div><\/figcaption><\/figure><div class=\"fg-loader\"><\/div><\/div><div class=\"fg-item fg-type-image fg-idle\"><figure class=\"fg-item-inner\"><a href=\"dr-visa-tasic-dipl-inz-elektronike\" data-caption-title=\"Vi\u0161a Tasi\u0107\" data-attachment-id=\"159\" class=\"fg-thumb\"><span class=\"fg-image-wrap\"><img decoding=\"async\" title=\"Vi\u0161a Tasi\u0107\" width=\"90\" height=\"105\" class=\"skip-lazy fg-image\" data-src-fg=\"https:\/\/nea.rs\/wp-content\/uploads\/2021\/05\/visa_tasic-1.png\" src=\"data:image\/svg+xml,%3Csvg%20xmlns%3D%22http%3A%2F%2Fwww.w3.org%2F2000%2Fsvg%22%20width%3D%2290%22%20height%3D%22105%22%20viewBox%3D%220%200%2090%20105%22%3E%3C%2Fsvg%3E\" loading=\"eager\"><\/span><span class=\"fg-image-overlay\"><\/span><\/a><figcaption class=\"fg-caption\"><div class=\"fg-caption-inner\"><div class=\"fg-caption-title\">Vi\u0161a Tasi\u0107<\/div><\/div><\/figcaption><\/figure><div class=\"fg-loader\"><\/div><\/div><div class=\"fg-item fg-type-image fg-idle\"><figure class=\"fg-item-inner\"><a href=\"dr-branislava-matic-doktor-medicine\" data-caption-title=\"Branislava Mati\u0107\" data-attachment-id=\"1326\" class=\"fg-thumb\"><span class=\"fg-image-wrap\"><img decoding=\"async\" title=\"Branislava Mati\u0107\" width=\"90\" height=\"105\" class=\"skip-lazy fg-image\" data-src-fg=\"https:\/\/nea.rs\/wp-content\/uploads\/2024\/06\/bmatic-crop.jpg\" src=\"data:image\/svg+xml,%3Csvg%20xmlns%3D%22http%3A%2F%2Fwww.w3.org%2F2000%2Fsvg%22%20width%3D%2290%22%20height%3D%22105%22%20viewBox%3D%220%200%2090%20105%22%3E%3C%2Fsvg%3E\" loading=\"eager\"><\/span><span class=\"fg-image-overlay\"><\/span><\/a><figcaption class=\"fg-caption\"><div class=\"fg-caption-inner\"><div class=\"fg-caption-title\">Branislava Mati\u0107<\/div><\/div><\/figcaption><\/figure><div class=\"fg-loader\"><\/div><\/div><div class=\"fg-item fg-type-image fg-idle\"><figure class=\"fg-item-inner\"><a href=\"mr-dejan-lekic-dipl-inz-gradevine\" data-caption-title=\"Dejan Leki\u0107\" data-attachment-id=\"165\" class=\"fg-thumb\"><span class=\"fg-image-wrap\"><img decoding=\"async\" title=\"Dejan Leki\u0107\" width=\"90\" height=\"105\" class=\"skip-lazy fg-image\" data-src-fg=\"https:\/\/nea.rs\/wp-content\/uploads\/2021\/05\/dejan_lekic-1.png\" src=\"data:image\/svg+xml,%3Csvg%20xmlns%3D%22http%3A%2F%2Fwww.w3.org%2F2000%2Fsvg%22%20width%3D%2290%22%20height%3D%22105%22%20viewBox%3D%220%200%2090%20105%22%3E%3C%2Fsvg%3E\" loading=\"eager\"><\/span><span class=\"fg-image-overlay\"><\/span><\/a><figcaption class=\"fg-caption\"><div class=\"fg-caption-inner\"><div class=\"fg-caption-title\">Dejan Leki\u0107<\/div><\/div><\/figcaption><\/figure><div class=\"fg-loader\"><\/div><\/div><\/div>\n","protected":false},"excerpt":{"rendered":"","protected":false},"author":1,"featured_media":0,"parent":0,"menu_order":0,"comment_status":"closed","ping_status":"closed","template":"","meta":{"footnotes":""},"class_list":["post-305","page","type-page","status-publish","hentry"],"yoast_head":"<!-- This site is optimized with the Yoast SEO plugin v24.9 - https:\/\/yoast.com\/wordpress\/plugins\/seo\/ -->\n<title>Stru\u010dni savet NEA - Nacionalna ekolo\u0161ka asocijacija<\/title>\n<meta name=\"robots\" content=\"index, follow, max-snippet:-1, max-image-preview:large, max-video-preview:-1\" \/>\n<link rel=\"canonical\" href=\"https:\/\/nea.rs\/index.php\/strucni-savet-nea\/\" \/>\n<meta property=\"og:locale\" content=\"sr_RS\" \/>\n<meta property=\"og:type\" content=\"article\" \/>\n<meta property=\"og:title\" content=\"Stru\u010dni savet NEA - Nacionalna ekolo\u0161ka asocijacija\" \/>\n<meta property=\"og:url\" content=\"https:\/\/nea.rs\/index.php\/strucni-savet-nea\/\" \/>\n<meta property=\"og:site_name\" content=\"Nacionalna ekolo\u0161ka asocijacija\" \/>\n<meta property=\"article:publisher\" content=\"https:\/\/www.facebook.com\/NEASrbija\" \/>\n<meta property=\"article:modified_time\" content=\"2021-05-05T08:07:53+00:00\" \/>\n<meta name=\"twitter:card\" content=\"summary_large_image\" \/>\n<meta name=\"twitter:site\" content=\"@NEASrbija\" \/>\n<script type=\"application\/ld+json\" class=\"yoast-schema-graph\">{\"@context\":\"https:\/\/schema.org\",\"@graph\":[{\"@type\":\"WebPage\",\"@id\":\"https:\/\/nea.rs\/index.php\/strucni-savet-nea\/\",\"url\":\"https:\/\/nea.rs\/index.php\/strucni-savet-nea\/\",\"name\":\"Stru\u010dni savet NEA - Nacionalna ekolo\u0161ka asocijacija\",\"isPartOf\":{\"@id\":\"https:\/\/nea.rs\/#website\"},\"datePublished\":\"2021-05-04T17:44:04+00:00\",\"dateModified\":\"2021-05-05T08:07:53+00:00\",\"breadcrumb\":{\"@id\":\"https:\/\/nea.rs\/index.php\/strucni-savet-nea\/#breadcrumb\"},\"inLanguage\":\"sr-RS\",\"potentialAction\":[{\"@type\":\"ReadAction\",\"target\":[\"https:\/\/nea.rs\/index.php\/strucni-savet-nea\/\"]}]},{\"@type\":\"BreadcrumbList\",\"@id\":\"https:\/\/nea.rs\/index.php\/strucni-savet-nea\/#breadcrumb\",\"itemListElement\":[{\"@type\":\"ListItem\",\"position\":1,\"name\":\"Po\u010detna\",\"item\":\"https:\/\/nea.rs\/\"},{\"@type\":\"ListItem\",\"position\":2,\"name\":\"Stru\u010dni savet NEA\"}]},{\"@type\":\"WebSite\",\"@id\":\"https:\/\/nea.rs\/#website\",\"url\":\"https:\/\/nea.rs\/\",\"name\":\"Nacionalna ekolo\u0161ka asocijacija\",\"description\":\"\",\"publisher\":{\"@id\":\"https:\/\/nea.rs\/#organization\"},\"potentialAction\":[{\"@type\":\"SearchAction\",\"target\":{\"@type\":\"EntryPoint\",\"urlTemplate\":\"https:\/\/nea.rs\/?s={search_term_string}\"},\"query-input\":{\"@type\":\"PropertyValueSpecification\",\"valueRequired\":true,\"valueName\":\"search_term_string\"}}],\"inLanguage\":\"sr-RS\"},{\"@type\":\"Organization\",\"@id\":\"https:\/\/nea.rs\/#organization\",\"name\":\"Nacionalna ekolo\u0161ka asocijacija\",\"url\":\"https:\/\/nea.rs\/\",\"logo\":{\"@type\":\"ImageObject\",\"inLanguage\":\"sr-RS\",\"@id\":\"https:\/\/nea.rs\/#\/schema\/logo\/image\/\",\"url\":\"https:\/\/nea.rs\/wp-content\/uploads\/2021\/05\/cropped-logoNEA_crop_180_nowhite.jpg\",\"contentUrl\":\"https:\/\/nea.rs\/wp-content\/uploads\/2021\/05\/cropped-logoNEA_crop_180_nowhite.jpg\",\"width\":276,\"height\":154,\"caption\":\"Nacionalna ekolo\u0161ka asocijacija\"},\"image\":{\"@id\":\"https:\/\/nea.rs\/#\/schema\/logo\/image\/\"},\"sameAs\":[\"https:\/\/www.facebook.com\/NEASrbija\",\"https:\/\/x.com\/NEASrbija\",\"https:\/\/www.instagram.com\/neasrbija\/\",\"https:\/\/www.youtube.com\/channel\/UCxwdyhNFV-rjanyqj7JIFow\"]}]}<\/script>\n<!-- \/ Yoast SEO plugin. -->","yoast_head_json":{"title":"Stru\u010dni savet NEA - Nacionalna ekolo\u0161ka asocijacija","robots":{"index":"index","follow":"follow","max-snippet":"max-snippet:-1","max-image-preview":"max-image-preview:large","max-video-preview":"max-video-preview:-1"},"canonical":"https:\/\/nea.rs\/index.php\/strucni-savet-nea\/","og_locale":"sr_RS","og_type":"article","og_title":"Stru\u010dni savet NEA - Nacionalna ekolo\u0161ka asocijacija","og_url":"https:\/\/nea.rs\/index.php\/strucni-savet-nea\/","og_site_name":"Nacionalna ekolo\u0161ka asocijacija","article_publisher":"https:\/\/www.facebook.com\/NEASrbija","article_modified_time":"2021-05-05T08:07:53+00:00","twitter_card":"summary_large_image","twitter_site":"@NEASrbija","schema":{"@context":"https:\/\/schema.org","@graph":[{"@type":"WebPage","@id":"https:\/\/nea.rs\/index.php\/strucni-savet-nea\/","url":"https:\/\/nea.rs\/index.php\/strucni-savet-nea\/","name":"Stru\u010dni savet NEA - Nacionalna ekolo\u0161ka asocijacija","isPartOf":{"@id":"https:\/\/nea.rs\/#website"},"datePublished":"2021-05-04T17:44:04+00:00","dateModified":"2021-05-05T08:07:53+00:00","breadcrumb":{"@id":"https:\/\/nea.rs\/index.php\/strucni-savet-nea\/#breadcrumb"},"inLanguage":"sr-RS","potentialAction":[{"@type":"ReadAction","target":["https:\/\/nea.rs\/index.php\/strucni-savet-nea\/"]}]},{"@type":"BreadcrumbList","@id":"https:\/\/nea.rs\/index.php\/strucni-savet-nea\/#breadcrumb","itemListElement":[{"@type":"ListItem","position":1,"name":"Po\u010detna","item":"https:\/\/nea.rs\/"},{"@type":"ListItem","position":2,"name":"Stru\u010dni savet NEA"}]},{"@type":"WebSite","@id":"https:\/\/nea.rs\/#website","url":"https:\/\/nea.rs\/","name":"Nacionalna ekolo\u0161ka asocijacija","description":"","publisher":{"@id":"https:\/\/nea.rs\/#organization"},"potentialAction":[{"@type":"SearchAction","target":{"@type":"EntryPoint","urlTemplate":"https:\/\/nea.rs\/?s={search_term_string}"},"query-input":{"@type":"PropertyValueSpecification","valueRequired":true,"valueName":"search_term_string"}}],"inLanguage":"sr-RS"},{"@type":"Organization","@id":"https:\/\/nea.rs\/#organization","name":"Nacionalna ekolo\u0161ka asocijacija","url":"https:\/\/nea.rs\/","logo":{"@type":"ImageObject","inLanguage":"sr-RS","@id":"https:\/\/nea.rs\/#\/schema\/logo\/image\/","url":"https:\/\/nea.rs\/wp-content\/uploads\/2021\/05\/cropped-logoNEA_crop_180_nowhite.jpg","contentUrl":"https:\/\/nea.rs\/wp-content\/uploads\/2021\/05\/cropped-logoNEA_crop_180_nowhite.jpg","width":276,"height":154,"caption":"Nacionalna ekolo\u0161ka asocijacija"},"image":{"@id":"https:\/\/nea.rs\/#\/schema\/logo\/image\/"},"sameAs":["https:\/\/www.facebook.com\/NEASrbija","https:\/\/x.com\/NEASrbija","https:\/\/www.instagram.com\/neasrbija\/","https:\/\/www.youtube.com\/channel\/UCxwdyhNFV-rjanyqj7JIFow"]}]}},"jetpack_sharing_enabled":true,"_links":{"self":[{"href":"https:\/\/nea.rs\/index.php\/wp-json\/wp\/v2\/pages\/305","targetHints":{"allow":["GET"]}}],"collection":[{"href":"https:\/\/nea.rs\/index.php\/wp-json\/wp\/v2\/pages"}],"about":[{"href":"https:\/\/nea.rs\/index.php\/wp-json\/wp\/v2\/types\/page"}],"author":[{"embeddable":true,"href":"https:\/\/nea.rs\/index.php\/wp-json\/wp\/v2\/users\/1"}],"replies":[{"embeddable":true,"href":"https:\/\/nea.rs\/index.php\/wp-json\/wp\/v2\/comments?post=305"}],"version-history":[{"count":1,"href":"https:\/\/nea.rs\/index.php\/wp-json\/wp\/v2\/pages\/305\/revisions"}],"predecessor-version":[{"id":306,"href":"https:\/\/nea.rs\/index.php\/wp-json\/wp\/v2\/pages\/305\/revisions\/306"}],"wp:attachment":[{"href":"https:\/\/nea.rs\/index.php\/wp-json\/wp\/v2\/media?parent=305"}],"curies":[{"name":"wp","href":"https:\/\/api.w.org\/{rel}","templated":true}]}}