{"id":237,"date":"2021-05-04T06:48:29","date_gmt":"2021-05-04T06:48:29","guid":{"rendered":"https:\/\/nea.rs\/?page_id=237"},"modified":"2021-05-16T17:14:39","modified_gmt":"2021-05-16T17:14:39","slug":"prof-dr-predrag-simonovic-dipl-biolog","status":"publish","type":"page","link":"https:\/\/nea.rs\/index.php\/prof-dr-predrag-simonovic-dipl-biolog\/","title":{"rendered":"Prof. dr Predrag Simonovi\u0107, dipl. biolog"},"content":{"rendered":"\n<figure class=\"wp-block-image size-large\"><img loading=\"lazy\" decoding=\"async\" width=\"90\" height=\"105\" src=\"https:\/\/nea.rs\/wp-content\/uploads\/2021\/05\/predrag_simonovic-1.png\" alt=\"\" class=\"wp-image-173\"\/><\/figure>\n\n\n\n<p>Prof. dr Predrag Simonovi\u0107 je biolog-ihtiolog, redovni profesor Biolo\u0161kog fakulteta i nau\u010dni savetnik Instituta za biolo\u0161ka istra\u017eivanja &#8222;Sini\u0161a Stankovi\u0107&#8220;. Dr\u017eao je nastavu i na univerzitetima u regionu (Kragujevac, Podgorica, Banjaluka), i predavanja po pozivu na Sveu\u010dili\u0161tu u Zagrebu i Univerzitetu Komenius u Bratislavi. Na Biolo\u0161kom fakultetu osnovao je Centar za genotipizaciju ribolovnih resursa 2008. godine, u kome je sa svojim timom mapirao autohtone populacije poto\u010dne pastrmke Srbije i varijante unete sa strane, poribljavanjem-doskora glavnim faktorom ugro\u017eavanja biolo\u0161ke raznovrsnosti pastrmskog fonda Srbije.<\/p>\n\n\n\n<p>Po\u010detkom izradnje derivacionih malih hidroelektrana i njihovog rada bez ikakih uslova i kontrole, opasnost ugro\u017eavanja naglo je porasla, prete\u0107i istrebljenju autohtonih pastrmki i drugih akvati\u010dnih organizama iz planinskih reka Srbije.<\/p>\n\n\n\n<p>Prof. Predrag Simonovi\u0107 objavio je do sada dva univerzitetska ud\u017ebenika, nekoliko praktikuma, pomo\u0107ni univerzitetski ud\u017ebenik sa klju\u010devima za identifikaciju ribljih vrsta, kao i 121 nau\u010dni rad u me\u0111unarodnim monografijama, nau\u010dnim \u010dasopisima i nacionalnim \u010dasopisima iz oblasti sistematike riba, morfologije riba, invazivne biologije, ekologije riba, \u017eivotne istorije i postembrionalnog razvi\u0107a riba i ribarstvene biologije. Imao je preko 60 saop\u0161tenja na me\u0111unarodnim nau\u010dnim skupovima, vodio je ili u\u010destvovao na 14 me\u0111unarodnih i 11 nacionalnih nau\u010dnih projekata i bio mentor 10 doktorskih disertacija i 5 magistarskih radova. Ukupan broj citata prema\u0161uje 1000, Hir\u0161ov indeks je 19 i 21 za hetero- i ukupnu citiranost. Vode\u0107i je autor ili koautor preko 20 programa ribarstva u Srbiji. Vodio je grupu za ribolovne resurse u Ministarstvu za za\u0161titu prirodnih bogatstava i \u017eivotne sredine i \u010dlan je Saveta za biolo\u0161ku sigurnost u Ministarstvu poljoprivrede, vodoprivrede i \u0161umarstva Republike Srbije.<\/p>\n","protected":false},"excerpt":{"rendered":"<p>Prof. dr Predrag Simonovi\u0107 je biolog-ihtiolog, redovni profesor Biolo\u0161kog fakulteta i nau\u010dni savetnik Instituta za biolo\u0161ka istra\u017eivanja &#8222;Sini\u0161a Stankovi\u0107&#8220;. Dr\u017eao je nastavu i na univerzitetima&hellip;<\/p>\n","protected":false},"author":1,"featured_media":0,"parent":0,"menu_order":0,"comment_status":"closed","ping_status":"closed","template":"","meta":{"footnotes":""},"class_list":["post-237","page","type-page","status-publish","hentry"],"yoast_head":"<!-- This site is optimized with the Yoast SEO plugin v24.9 - https:\/\/yoast.com\/wordpress\/plugins\/seo\/ -->\n<title>Prof. dr Predrag Simonovi\u0107, dipl. biolog - Nacionalna ekolo\u0161ka asocijacija<\/title>\n<meta name=\"robots\" content=\"index, follow, max-snippet:-1, max-image-preview:large, max-video-preview:-1\" \/>\n<link rel=\"canonical\" href=\"https:\/\/nea.rs\/index.php\/prof-dr-predrag-simonovic-dipl-biolog\/\" \/>\n<meta property=\"og:locale\" content=\"sr_RS\" \/>\n<meta property=\"og:type\" content=\"article\" \/>\n<meta property=\"og:title\" content=\"Prof. dr Predrag Simonovi\u0107, dipl. biolog - Nacionalna ekolo\u0161ka asocijacija\" \/>\n<meta property=\"og:description\" content=\"Prof. dr Predrag Simonovi\u0107 je biolog-ihtiolog, redovni profesor Biolo\u0161kog fakulteta i nau\u010dni savetnik Instituta za biolo\u0161ka istra\u017eivanja &#8222;Sini\u0161a Stankovi\u0107&#8220;. Dr\u017eao je nastavu i na univerzitetima&hellip;\" \/>\n<meta property=\"og:url\" content=\"https:\/\/nea.rs\/index.php\/prof-dr-predrag-simonovic-dipl-biolog\/\" \/>\n<meta property=\"og:site_name\" content=\"Nacionalna ekolo\u0161ka asocijacija\" \/>\n<meta property=\"article:publisher\" content=\"https:\/\/www.facebook.com\/NEASrbija\" \/>\n<meta property=\"article:modified_time\" content=\"2021-05-16T17:14:39+00:00\" \/>\n<meta property=\"og:image\" content=\"https:\/\/nea.rs\/wp-content\/uploads\/2021\/05\/predrag_simonovic-1.png\" \/>\n<meta name=\"twitter:card\" content=\"summary_large_image\" \/>\n<meta name=\"twitter:site\" content=\"@NEASrbija\" \/>\n<meta name=\"twitter:label1\" content=\"Procenjeno vreme \u010ditanja\" \/>\n\t<meta name=\"twitter:data1\" content=\"1 minut\" \/>\n<script type=\"application\/ld+json\" class=\"yoast-schema-graph\">{\"@context\":\"https:\/\/schema.org\",\"@graph\":[{\"@type\":\"WebPage\",\"@id\":\"https:\/\/nea.rs\/index.php\/prof-dr-predrag-simonovic-dipl-biolog\/\",\"url\":\"https:\/\/nea.rs\/index.php\/prof-dr-predrag-simonovic-dipl-biolog\/\",\"name\":\"Prof. dr Predrag Simonovi\u0107, dipl. biolog - Nacionalna ekolo\u0161ka asocijacija\",\"isPartOf\":{\"@id\":\"https:\/\/nea.rs\/#website\"},\"primaryImageOfPage\":{\"@id\":\"https:\/\/nea.rs\/index.php\/prof-dr-predrag-simonovic-dipl-biolog\/#primaryimage\"},\"image\":{\"@id\":\"https:\/\/nea.rs\/index.php\/prof-dr-predrag-simonovic-dipl-biolog\/#primaryimage\"},\"thumbnailUrl\":\"https:\/\/nea.rs\/wp-content\/uploads\/2021\/05\/predrag_simonovic-1.png\",\"datePublished\":\"2021-05-04T06:48:29+00:00\",\"dateModified\":\"2021-05-16T17:14:39+00:00\",\"breadcrumb\":{\"@id\":\"https:\/\/nea.rs\/index.php\/prof-dr-predrag-simonovic-dipl-biolog\/#breadcrumb\"},\"inLanguage\":\"sr-RS\",\"potentialAction\":[{\"@type\":\"ReadAction\",\"target\":[\"https:\/\/nea.rs\/index.php\/prof-dr-predrag-simonovic-dipl-biolog\/\"]}]},{\"@type\":\"ImageObject\",\"inLanguage\":\"sr-RS\",\"@id\":\"https:\/\/nea.rs\/index.php\/prof-dr-predrag-simonovic-dipl-biolog\/#primaryimage\",\"url\":\"https:\/\/nea.rs\/wp-content\/uploads\/2021\/05\/predrag_simonovic-1.png\",\"contentUrl\":\"https:\/\/nea.rs\/wp-content\/uploads\/2021\/05\/predrag_simonovic-1.png\",\"width\":90,\"height\":105,\"caption\":\"Predrag Simonovi\u0107\"},{\"@type\":\"BreadcrumbList\",\"@id\":\"https:\/\/nea.rs\/index.php\/prof-dr-predrag-simonovic-dipl-biolog\/#breadcrumb\",\"itemListElement\":[{\"@type\":\"ListItem\",\"position\":1,\"name\":\"Po\u010detna\",\"item\":\"https:\/\/nea.rs\/\"},{\"@type\":\"ListItem\",\"position\":2,\"name\":\"Prof. dr Predrag Simonovi\u0107, dipl. biolog\"}]},{\"@type\":\"WebSite\",\"@id\":\"https:\/\/nea.rs\/#website\",\"url\":\"https:\/\/nea.rs\/\",\"name\":\"Nacionalna ekolo\u0161ka asocijacija\",\"description\":\"\",\"publisher\":{\"@id\":\"https:\/\/nea.rs\/#organization\"},\"potentialAction\":[{\"@type\":\"SearchAction\",\"target\":{\"@type\":\"EntryPoint\",\"urlTemplate\":\"https:\/\/nea.rs\/?s={search_term_string}\"},\"query-input\":{\"@type\":\"PropertyValueSpecification\",\"valueRequired\":true,\"valueName\":\"search_term_string\"}}],\"inLanguage\":\"sr-RS\"},{\"@type\":\"Organization\",\"@id\":\"https:\/\/nea.rs\/#organization\",\"name\":\"Nacionalna ekolo\u0161ka asocijacija\",\"url\":\"https:\/\/nea.rs\/\",\"logo\":{\"@type\":\"ImageObject\",\"inLanguage\":\"sr-RS\",\"@id\":\"https:\/\/nea.rs\/#\/schema\/logo\/image\/\",\"url\":\"https:\/\/nea.rs\/wp-content\/uploads\/2021\/05\/cropped-logoNEA_crop_180_nowhite.jpg\",\"contentUrl\":\"https:\/\/nea.rs\/wp-content\/uploads\/2021\/05\/cropped-logoNEA_crop_180_nowhite.jpg\",\"width\":276,\"height\":154,\"caption\":\"Nacionalna ekolo\u0161ka asocijacija\"},\"image\":{\"@id\":\"https:\/\/nea.rs\/#\/schema\/logo\/image\/\"},\"sameAs\":[\"https:\/\/www.facebook.com\/NEASrbija\",\"https:\/\/x.com\/NEASrbija\",\"https:\/\/www.instagram.com\/neasrbija\/\",\"https:\/\/www.youtube.com\/channel\/UCxwdyhNFV-rjanyqj7JIFow\"]}]}<\/script>\n<!-- \/ Yoast SEO plugin. -->","yoast_head_json":{"title":"Prof. dr Predrag Simonovi\u0107, dipl. biolog - Nacionalna ekolo\u0161ka asocijacija","robots":{"index":"index","follow":"follow","max-snippet":"max-snippet:-1","max-image-preview":"max-image-preview:large","max-video-preview":"max-video-preview:-1"},"canonical":"https:\/\/nea.rs\/index.php\/prof-dr-predrag-simonovic-dipl-biolog\/","og_locale":"sr_RS","og_type":"article","og_title":"Prof. dr Predrag Simonovi\u0107, dipl. biolog - Nacionalna ekolo\u0161ka asocijacija","og_description":"Prof. dr Predrag Simonovi\u0107 je biolog-ihtiolog, redovni profesor Biolo\u0161kog fakulteta i nau\u010dni savetnik Instituta za biolo\u0161ka istra\u017eivanja &#8222;Sini\u0161a Stankovi\u0107&#8220;. Dr\u017eao je nastavu i na univerzitetima&hellip;","og_url":"https:\/\/nea.rs\/index.php\/prof-dr-predrag-simonovic-dipl-biolog\/","og_site_name":"Nacionalna ekolo\u0161ka asocijacija","article_publisher":"https:\/\/www.facebook.com\/NEASrbija","article_modified_time":"2021-05-16T17:14:39+00:00","og_image":[{"url":"https:\/\/nea.rs\/wp-content\/uploads\/2021\/05\/predrag_simonovic-1.png","type":"","width":"","height":""}],"twitter_card":"summary_large_image","twitter_site":"@NEASrbija","twitter_misc":{"Procenjeno vreme \u010ditanja":"1 minut"},"schema":{"@context":"https:\/\/schema.org","@graph":[{"@type":"WebPage","@id":"https:\/\/nea.rs\/index.php\/prof-dr-predrag-simonovic-dipl-biolog\/","url":"https:\/\/nea.rs\/index.php\/prof-dr-predrag-simonovic-dipl-biolog\/","name":"Prof. dr Predrag Simonovi\u0107, dipl. biolog - Nacionalna ekolo\u0161ka asocijacija","isPartOf":{"@id":"https:\/\/nea.rs\/#website"},"primaryImageOfPage":{"@id":"https:\/\/nea.rs\/index.php\/prof-dr-predrag-simonovic-dipl-biolog\/#primaryimage"},"image":{"@id":"https:\/\/nea.rs\/index.php\/prof-dr-predrag-simonovic-dipl-biolog\/#primaryimage"},"thumbnailUrl":"https:\/\/nea.rs\/wp-content\/uploads\/2021\/05\/predrag_simonovic-1.png","datePublished":"2021-05-04T06:48:29+00:00","dateModified":"2021-05-16T17:14:39+00:00","breadcrumb":{"@id":"https:\/\/nea.rs\/index.php\/prof-dr-predrag-simonovic-dipl-biolog\/#breadcrumb"},"inLanguage":"sr-RS","potentialAction":[{"@type":"ReadAction","target":["https:\/\/nea.rs\/index.php\/prof-dr-predrag-simonovic-dipl-biolog\/"]}]},{"@type":"ImageObject","inLanguage":"sr-RS","@id":"https:\/\/nea.rs\/index.php\/prof-dr-predrag-simonovic-dipl-biolog\/#primaryimage","url":"https:\/\/nea.rs\/wp-content\/uploads\/2021\/05\/predrag_simonovic-1.png","contentUrl":"https:\/\/nea.rs\/wp-content\/uploads\/2021\/05\/predrag_simonovic-1.png","width":90,"height":105,"caption":"Predrag Simonovi\u0107"},{"@type":"BreadcrumbList","@id":"https:\/\/nea.rs\/index.php\/prof-dr-predrag-simonovic-dipl-biolog\/#breadcrumb","itemListElement":[{"@type":"ListItem","position":1,"name":"Po\u010detna","item":"https:\/\/nea.rs\/"},{"@type":"ListItem","position":2,"name":"Prof. dr Predrag Simonovi\u0107, dipl. biolog"}]},{"@type":"WebSite","@id":"https:\/\/nea.rs\/#website","url":"https:\/\/nea.rs\/","name":"Nacionalna ekolo\u0161ka asocijacija","description":"","publisher":{"@id":"https:\/\/nea.rs\/#organization"},"potentialAction":[{"@type":"SearchAction","target":{"@type":"EntryPoint","urlTemplate":"https:\/\/nea.rs\/?s={search_term_string}"},"query-input":{"@type":"PropertyValueSpecification","valueRequired":true,"valueName":"search_term_string"}}],"inLanguage":"sr-RS"},{"@type":"Organization","@id":"https:\/\/nea.rs\/#organization","name":"Nacionalna ekolo\u0161ka asocijacija","url":"https:\/\/nea.rs\/","logo":{"@type":"ImageObject","inLanguage":"sr-RS","@id":"https:\/\/nea.rs\/#\/schema\/logo\/image\/","url":"https:\/\/nea.rs\/wp-content\/uploads\/2021\/05\/cropped-logoNEA_crop_180_nowhite.jpg","contentUrl":"https:\/\/nea.rs\/wp-content\/uploads\/2021\/05\/cropped-logoNEA_crop_180_nowhite.jpg","width":276,"height":154,"caption":"Nacionalna ekolo\u0161ka asocijacija"},"image":{"@id":"https:\/\/nea.rs\/#\/schema\/logo\/image\/"},"sameAs":["https:\/\/www.facebook.com\/NEASrbija","https:\/\/x.com\/NEASrbija","https:\/\/www.instagram.com\/neasrbija\/","https:\/\/www.youtube.com\/channel\/UCxwdyhNFV-rjanyqj7JIFow"]}]}},"jetpack_sharing_enabled":true,"_links":{"self":[{"href":"https:\/\/nea.rs\/index.php\/wp-json\/wp\/v2\/pages\/237","targetHints":{"allow":["GET"]}}],"collection":[{"href":"https:\/\/nea.rs\/index.php\/wp-json\/wp\/v2\/pages"}],"about":[{"href":"https:\/\/nea.rs\/index.php\/wp-json\/wp\/v2\/types\/page"}],"author":[{"embeddable":true,"href":"https:\/\/nea.rs\/index.php\/wp-json\/wp\/v2\/users\/1"}],"replies":[{"embeddable":true,"href":"https:\/\/nea.rs\/index.php\/wp-json\/wp\/v2\/comments?post=237"}],"version-history":[{"count":2,"href":"https:\/\/nea.rs\/index.php\/wp-json\/wp\/v2\/pages\/237\/revisions"}],"predecessor-version":[{"id":357,"href":"https:\/\/nea.rs\/index.php\/wp-json\/wp\/v2\/pages\/237\/revisions\/357"}],"wp:attachment":[{"href":"https:\/\/nea.rs\/index.php\/wp-json\/wp\/v2\/media?parent=237"}],"curies":[{"name":"wp","href":"https:\/\/api.w.org\/{rel}","templated":true}]}}