{"id":233,"date":"2021-05-04T06:47:17","date_gmt":"2021-05-04T06:47:17","guid":{"rendered":"https:\/\/nea.rs\/?page_id=233"},"modified":"2021-05-05T17:59:43","modified_gmt":"2021-05-05T17:59:43","slug":"prim-dr-elizabet-paunovic-lekar","status":"publish","type":"page","link":"https:\/\/nea.rs\/index.php\/prim-dr-elizabet-paunovic-lekar\/","title":{"rendered":"Prim. Dr. Elizabet Paunovi\u0107, lekar"},"content":{"rendered":"\n<figure class=\"wp-block-image size-large\"><img loading=\"lazy\" decoding=\"async\" width=\"90\" height=\"105\" src=\"https:\/\/nea.rs\/wp-content\/uploads\/2021\/05\/elizabet_paunovic-1.png\" alt=\"\" class=\"wp-image-168\"\/><\/figure>\n\n\n\n<p>Dr. Elizabet Paunovi\u0107 je penzionisana direktorka Evropskog centra za \u017eivotnu sredinu i zdravlje Svetske zdravstvene organizacije (Bon, Nema\u010dka). Trenutno radi kao nezavisna ekspertkinja za uticaje \u017eivotne i radne sredine na zdravlje. Po obrazovanju je lekar (Medicinski fakultet u Beogradu) sa specijalizacijom iz medicine rada, saobra\u0107ajne i sportske medicine (Medicinski fakulet u Ljubljani, Slovenija) i postdiplomskim usavr\u0161avanjem iz za\u0161tite \u017eivotne sredine iz Akademske alternativne mre\u017ee (Beogradska otvorena \u0161kola).<\/p>\n\n\n\n<p>Njeno radno iskustvo pokriva 36 godina rada u oblasti uticaja radne i \u017eivotne sredine na zdravlje, od prakti\u010dnog rada na terenu do vo\u0111enja istra\u017eiva\u010dkih projekata. Glavne oblasti ekspertize odnose se na aktivnosti koje je neophodno preduzimati kako bi se negativni uticaji iz radne i \u017eivotne sredine na zdravlje spre\u010dili ili smanjili, od procene uticaja, preko izrade strate\u0161kih dokumenta i zakona do sprovedenih intervencija. Poslednjih godina radila je kao konsultantkinja Svetske zdravstvene organizacije i drugih medjunarodnih organizacija i savetovala vlade nekoliko zemalja u oblasti izrade strate\u0161kih dokumentata (transfer nauke u javne politike) i intervencija kao prakti\u010dnog sprovo\u0111enja tih politika u oblsti uticaja \u017eivotne sredine na zdravlje.<\/p>\n\n\n\n<p>U svojoj karijeri radila je u oblastima rudarstva, hemijske industrije, staklarske industrije i elektronergetike. Preko 13 godina bila je koordinator Slu\u017ebe medicine rada Termoelektrana &#8222;Nikola Tesla&#8220;&#8220;. Radila je kao zamenica Sekretara za za\u0161titu \u017eivotne sredine u Gradskoj upravi u Beogradu, kao pomo\u0107nica ministra u Ministarstvu zdravlja, bila je narodna poslanica u Narodnoj Skup\u0161tini Republike Srbije i dr\u017eavna sekretarka u Ministarstvu zdravlja, da bi poslednjih sedam godina karijere provela u Svetskoj zdravstvenoj organizaciji na poslovima program menad\u017eera i poslednje \u010detiri godine kao direktorka Evropskog centra za \u017eivotnu sredinu i zdravlje. \u017divi u Beogradu.<\/p>\n","protected":false},"excerpt":{"rendered":"<p>Dr. Elizabet Paunovi\u0107 je penzionisana direktorka Evropskog centra za \u017eivotnu sredinu i zdravlje Svetske zdravstvene organizacije (Bon, Nema\u010dka). Trenutno radi kao nezavisna ekspertkinja za uticaje&hellip;<\/p>\n","protected":false},"author":1,"featured_media":0,"parent":0,"menu_order":0,"comment_status":"closed","ping_status":"closed","template":"","meta":{"footnotes":""},"class_list":["post-233","page","type-page","status-publish","hentry"],"yoast_head":"<!-- This site is optimized with the Yoast SEO plugin v24.9 - https:\/\/yoast.com\/wordpress\/plugins\/seo\/ -->\n<title>Prim. Dr. Elizabet Paunovi\u0107, lekar - Nacionalna ekolo\u0161ka asocijacija<\/title>\n<meta name=\"robots\" content=\"index, follow, max-snippet:-1, max-image-preview:large, max-video-preview:-1\" \/>\n<link rel=\"canonical\" href=\"https:\/\/nea.rs\/index.php\/prim-dr-elizabet-paunovic-lekar\/\" \/>\n<meta property=\"og:locale\" content=\"sr_RS\" \/>\n<meta property=\"og:type\" content=\"article\" \/>\n<meta property=\"og:title\" content=\"Prim. Dr. Elizabet Paunovi\u0107, lekar - Nacionalna ekolo\u0161ka asocijacija\" \/>\n<meta property=\"og:description\" content=\"Dr. Elizabet Paunovi\u0107 je penzionisana direktorka Evropskog centra za \u017eivotnu sredinu i zdravlje Svetske zdravstvene organizacije (Bon, Nema\u010dka). Trenutno radi kao nezavisna ekspertkinja za uticaje&hellip;\" \/>\n<meta property=\"og:url\" content=\"https:\/\/nea.rs\/index.php\/prim-dr-elizabet-paunovic-lekar\/\" \/>\n<meta property=\"og:site_name\" content=\"Nacionalna ekolo\u0161ka asocijacija\" \/>\n<meta property=\"article:publisher\" content=\"https:\/\/www.facebook.com\/NEASrbija\" \/>\n<meta property=\"article:modified_time\" content=\"2021-05-05T17:59:43+00:00\" \/>\n<meta property=\"og:image\" content=\"https:\/\/nea.rs\/wp-content\/uploads\/2021\/05\/elizabet_paunovic-1.png\" \/>\n<meta name=\"twitter:card\" content=\"summary_large_image\" \/>\n<meta name=\"twitter:site\" content=\"@NEASrbija\" \/>\n<meta name=\"twitter:label1\" content=\"Procenjeno vreme \u010ditanja\" \/>\n\t<meta name=\"twitter:data1\" content=\"1 minut\" \/>\n<script type=\"application\/ld+json\" class=\"yoast-schema-graph\">{\"@context\":\"https:\/\/schema.org\",\"@graph\":[{\"@type\":\"WebPage\",\"@id\":\"https:\/\/nea.rs\/index.php\/prim-dr-elizabet-paunovic-lekar\/\",\"url\":\"https:\/\/nea.rs\/index.php\/prim-dr-elizabet-paunovic-lekar\/\",\"name\":\"Prim. Dr. Elizabet Paunovi\u0107, lekar - Nacionalna ekolo\u0161ka asocijacija\",\"isPartOf\":{\"@id\":\"https:\/\/nea.rs\/#website\"},\"primaryImageOfPage\":{\"@id\":\"https:\/\/nea.rs\/index.php\/prim-dr-elizabet-paunovic-lekar\/#primaryimage\"},\"image\":{\"@id\":\"https:\/\/nea.rs\/index.php\/prim-dr-elizabet-paunovic-lekar\/#primaryimage\"},\"thumbnailUrl\":\"https:\/\/nea.rs\/wp-content\/uploads\/2021\/05\/elizabet_paunovic-1.png\",\"datePublished\":\"2021-05-04T06:47:17+00:00\",\"dateModified\":\"2021-05-05T17:59:43+00:00\",\"breadcrumb\":{\"@id\":\"https:\/\/nea.rs\/index.php\/prim-dr-elizabet-paunovic-lekar\/#breadcrumb\"},\"inLanguage\":\"sr-RS\",\"potentialAction\":[{\"@type\":\"ReadAction\",\"target\":[\"https:\/\/nea.rs\/index.php\/prim-dr-elizabet-paunovic-lekar\/\"]}]},{\"@type\":\"ImageObject\",\"inLanguage\":\"sr-RS\",\"@id\":\"https:\/\/nea.rs\/index.php\/prim-dr-elizabet-paunovic-lekar\/#primaryimage\",\"url\":\"https:\/\/nea.rs\/wp-content\/uploads\/2021\/05\/elizabet_paunovic-1.png\",\"contentUrl\":\"https:\/\/nea.rs\/wp-content\/uploads\/2021\/05\/elizabet_paunovic-1.png\",\"width\":90,\"height\":105,\"caption\":\"Elizabet Paunovi\u0107\"},{\"@type\":\"BreadcrumbList\",\"@id\":\"https:\/\/nea.rs\/index.php\/prim-dr-elizabet-paunovic-lekar\/#breadcrumb\",\"itemListElement\":[{\"@type\":\"ListItem\",\"position\":1,\"name\":\"Po\u010detna\",\"item\":\"https:\/\/nea.rs\/\"},{\"@type\":\"ListItem\",\"position\":2,\"name\":\"Prim. Dr. Elizabet Paunovi\u0107, lekar\"}]},{\"@type\":\"WebSite\",\"@id\":\"https:\/\/nea.rs\/#website\",\"url\":\"https:\/\/nea.rs\/\",\"name\":\"Nacionalna ekolo\u0161ka asocijacija\",\"description\":\"\",\"publisher\":{\"@id\":\"https:\/\/nea.rs\/#organization\"},\"potentialAction\":[{\"@type\":\"SearchAction\",\"target\":{\"@type\":\"EntryPoint\",\"urlTemplate\":\"https:\/\/nea.rs\/?s={search_term_string}\"},\"query-input\":{\"@type\":\"PropertyValueSpecification\",\"valueRequired\":true,\"valueName\":\"search_term_string\"}}],\"inLanguage\":\"sr-RS\"},{\"@type\":\"Organization\",\"@id\":\"https:\/\/nea.rs\/#organization\",\"name\":\"Nacionalna ekolo\u0161ka asocijacija\",\"url\":\"https:\/\/nea.rs\/\",\"logo\":{\"@type\":\"ImageObject\",\"inLanguage\":\"sr-RS\",\"@id\":\"https:\/\/nea.rs\/#\/schema\/logo\/image\/\",\"url\":\"https:\/\/nea.rs\/wp-content\/uploads\/2021\/05\/cropped-logoNEA_crop_180_nowhite.jpg\",\"contentUrl\":\"https:\/\/nea.rs\/wp-content\/uploads\/2021\/05\/cropped-logoNEA_crop_180_nowhite.jpg\",\"width\":276,\"height\":154,\"caption\":\"Nacionalna ekolo\u0161ka asocijacija\"},\"image\":{\"@id\":\"https:\/\/nea.rs\/#\/schema\/logo\/image\/\"},\"sameAs\":[\"https:\/\/www.facebook.com\/NEASrbija\",\"https:\/\/x.com\/NEASrbija\",\"https:\/\/www.instagram.com\/neasrbija\/\",\"https:\/\/www.youtube.com\/channel\/UCxwdyhNFV-rjanyqj7JIFow\"]}]}<\/script>\n<!-- \/ Yoast SEO plugin. -->","yoast_head_json":{"title":"Prim. Dr. Elizabet Paunovi\u0107, lekar - Nacionalna ekolo\u0161ka asocijacija","robots":{"index":"index","follow":"follow","max-snippet":"max-snippet:-1","max-image-preview":"max-image-preview:large","max-video-preview":"max-video-preview:-1"},"canonical":"https:\/\/nea.rs\/index.php\/prim-dr-elizabet-paunovic-lekar\/","og_locale":"sr_RS","og_type":"article","og_title":"Prim. Dr. Elizabet Paunovi\u0107, lekar - Nacionalna ekolo\u0161ka asocijacija","og_description":"Dr. Elizabet Paunovi\u0107 je penzionisana direktorka Evropskog centra za \u017eivotnu sredinu i zdravlje Svetske zdravstvene organizacije (Bon, Nema\u010dka). Trenutno radi kao nezavisna ekspertkinja za uticaje&hellip;","og_url":"https:\/\/nea.rs\/index.php\/prim-dr-elizabet-paunovic-lekar\/","og_site_name":"Nacionalna ekolo\u0161ka asocijacija","article_publisher":"https:\/\/www.facebook.com\/NEASrbija","article_modified_time":"2021-05-05T17:59:43+00:00","og_image":[{"url":"https:\/\/nea.rs\/wp-content\/uploads\/2021\/05\/elizabet_paunovic-1.png","type":"","width":"","height":""}],"twitter_card":"summary_large_image","twitter_site":"@NEASrbija","twitter_misc":{"Procenjeno vreme \u010ditanja":"1 minut"},"schema":{"@context":"https:\/\/schema.org","@graph":[{"@type":"WebPage","@id":"https:\/\/nea.rs\/index.php\/prim-dr-elizabet-paunovic-lekar\/","url":"https:\/\/nea.rs\/index.php\/prim-dr-elizabet-paunovic-lekar\/","name":"Prim. Dr. Elizabet Paunovi\u0107, lekar - Nacionalna ekolo\u0161ka asocijacija","isPartOf":{"@id":"https:\/\/nea.rs\/#website"},"primaryImageOfPage":{"@id":"https:\/\/nea.rs\/index.php\/prim-dr-elizabet-paunovic-lekar\/#primaryimage"},"image":{"@id":"https:\/\/nea.rs\/index.php\/prim-dr-elizabet-paunovic-lekar\/#primaryimage"},"thumbnailUrl":"https:\/\/nea.rs\/wp-content\/uploads\/2021\/05\/elizabet_paunovic-1.png","datePublished":"2021-05-04T06:47:17+00:00","dateModified":"2021-05-05T17:59:43+00:00","breadcrumb":{"@id":"https:\/\/nea.rs\/index.php\/prim-dr-elizabet-paunovic-lekar\/#breadcrumb"},"inLanguage":"sr-RS","potentialAction":[{"@type":"ReadAction","target":["https:\/\/nea.rs\/index.php\/prim-dr-elizabet-paunovic-lekar\/"]}]},{"@type":"ImageObject","inLanguage":"sr-RS","@id":"https:\/\/nea.rs\/index.php\/prim-dr-elizabet-paunovic-lekar\/#primaryimage","url":"https:\/\/nea.rs\/wp-content\/uploads\/2021\/05\/elizabet_paunovic-1.png","contentUrl":"https:\/\/nea.rs\/wp-content\/uploads\/2021\/05\/elizabet_paunovic-1.png","width":90,"height":105,"caption":"Elizabet Paunovi\u0107"},{"@type":"BreadcrumbList","@id":"https:\/\/nea.rs\/index.php\/prim-dr-elizabet-paunovic-lekar\/#breadcrumb","itemListElement":[{"@type":"ListItem","position":1,"name":"Po\u010detna","item":"https:\/\/nea.rs\/"},{"@type":"ListItem","position":2,"name":"Prim. Dr. Elizabet Paunovi\u0107, lekar"}]},{"@type":"WebSite","@id":"https:\/\/nea.rs\/#website","url":"https:\/\/nea.rs\/","name":"Nacionalna ekolo\u0161ka asocijacija","description":"","publisher":{"@id":"https:\/\/nea.rs\/#organization"},"potentialAction":[{"@type":"SearchAction","target":{"@type":"EntryPoint","urlTemplate":"https:\/\/nea.rs\/?s={search_term_string}"},"query-input":{"@type":"PropertyValueSpecification","valueRequired":true,"valueName":"search_term_string"}}],"inLanguage":"sr-RS"},{"@type":"Organization","@id":"https:\/\/nea.rs\/#organization","name":"Nacionalna ekolo\u0161ka asocijacija","url":"https:\/\/nea.rs\/","logo":{"@type":"ImageObject","inLanguage":"sr-RS","@id":"https:\/\/nea.rs\/#\/schema\/logo\/image\/","url":"https:\/\/nea.rs\/wp-content\/uploads\/2021\/05\/cropped-logoNEA_crop_180_nowhite.jpg","contentUrl":"https:\/\/nea.rs\/wp-content\/uploads\/2021\/05\/cropped-logoNEA_crop_180_nowhite.jpg","width":276,"height":154,"caption":"Nacionalna ekolo\u0161ka asocijacija"},"image":{"@id":"https:\/\/nea.rs\/#\/schema\/logo\/image\/"},"sameAs":["https:\/\/www.facebook.com\/NEASrbija","https:\/\/x.com\/NEASrbija","https:\/\/www.instagram.com\/neasrbija\/","https:\/\/www.youtube.com\/channel\/UCxwdyhNFV-rjanyqj7JIFow"]}]}},"jetpack_sharing_enabled":true,"_links":{"self":[{"href":"https:\/\/nea.rs\/index.php\/wp-json\/wp\/v2\/pages\/233","targetHints":{"allow":["GET"]}}],"collection":[{"href":"https:\/\/nea.rs\/index.php\/wp-json\/wp\/v2\/pages"}],"about":[{"href":"https:\/\/nea.rs\/index.php\/wp-json\/wp\/v2\/types\/page"}],"author":[{"embeddable":true,"href":"https:\/\/nea.rs\/index.php\/wp-json\/wp\/v2\/users\/1"}],"replies":[{"embeddable":true,"href":"https:\/\/nea.rs\/index.php\/wp-json\/wp\/v2\/comments?post=233"}],"version-history":[{"count":2,"href":"https:\/\/nea.rs\/index.php\/wp-json\/wp\/v2\/pages\/233\/revisions"}],"predecessor-version":[{"id":353,"href":"https:\/\/nea.rs\/index.php\/wp-json\/wp\/v2\/pages\/233\/revisions\/353"}],"wp:attachment":[{"href":"https:\/\/nea.rs\/index.php\/wp-json\/wp\/v2\/media?parent=233"}],"curies":[{"name":"wp","href":"https:\/\/api.w.org\/{rel}","templated":true}]}}