{"id":229,"date":"2021-05-04T06:45:54","date_gmt":"2021-05-04T06:45:54","guid":{"rendered":"https:\/\/nea.rs\/?page_id=229"},"modified":"2021-05-05T17:56:28","modified_gmt":"2021-05-05T17:56:28","slug":"branislav-bozovic-dipl-inz-geologije","status":"publish","type":"page","link":"https:\/\/nea.rs\/index.php\/branislav-bozovic-dipl-inz-geologije\/","title":{"rendered":"Branislav Bo\u017eovi\u0107, dipl. in\u017e. geologije"},"content":{"rendered":"\n<figure class=\"wp-block-image size-large\"><img loading=\"lazy\" decoding=\"async\" width=\"90\" height=\"105\" src=\"https:\/\/nea.rs\/wp-content\/uploads\/2021\/05\/branislav_bozovic-1.png\" alt=\"\" class=\"wp-image-164\"\/><\/figure>\n\n\n\n<p>In\u017eenjer geologije, specijalnosti In\u017eenjerske geologije i Hidrogeologije.<\/p>\n\n\n\n<p>1971-2000. &#8222;Geozavod&#8220; (Zavod za geolo\u0161ka istra\u017eivanja)<br>2000-2008. Sekretar sekretarijata za za\u0161titu \u017eivotne sredine grada Beograda, 2008-2010., na\u010delnik Odeljenja za monitoring kvaliteta \u017eivotne sredine. Od 2010. u penziji.<\/p>\n\n\n\n<p>Autor je i koautor brojnih i raznovrsnih in\u017eenjerskogeolo\u0161kih i ekogeolo\u0161kih projekata geolo\u0161kih istra\u017eivanja za prostorno i urbanisti\u010dko planiranje i izgradnju razli\u010ditih objekata. Znatan deo karijere proveo je rade\u0107i u oblasti ekogeolo\u0161kih istra\u017eivanja tj. &#8220; geologije okoline&#8220;. Koautor je stru\u010dnih knjiga &#8222;Koncepcija razvoja geolo\u0161kih istra\u017eivanja u Srbiji 1981-2000&#8243;, Edicija &#8220; Geologija Srbije&#8220; i Programa &#8222;Makroprojekta ekogeolo\u0161kih istra\u017eivanja u Srbiji&#8220;. Koautor je Enciklopedije &#8222;Za\u0161tita \u017eivotne sredine i odr\u017eivi razvoj&#8220;(2003, za poglavlje Geolo\u0161ka sredina). Bio je \u010dlan nacionalnog tima Ministarstva za za\u0161titu prirodnih bogatstava i \u017eivotne sredine, za izradu novog zakona o sistemu za\u0161tite \u017e.s.(2001-2003).<\/p>\n\n\n\n<p>Kao gradski sekretar za za za\u0161titu \u017eivotne sredine pokrenuo je zna\u010dajne projekte u oblasti za\u0161tite predela Beograda: Velikog ratnog ostrva, Avale, Kosmaja, Projekta &#8222;Vrednovanje \u0161uma Beograda&#8220;, Strategiju po\u0161umljavanja Beograda, i kapitalni proaktivni projekat &#8220; Zelene regulativa Beograda. Predava\u010d je na brojnim seminarima u oblasti za\u0161tite \u017eivotne sredine i za\u0161tite prirodnih vrednosti, sa gledi\u0161ta geolo\u0161kih uslova i uticaja, i zna\u010daja gediverziteta i geonasle\u0111a. Aktivni je sportista-planinar i instruktor u vi\u0161e planinarskih sportskih disciplina.<\/p>\n\n\n\n<p>Autor je Planinarskoturisti\u010dkih karata Kopaonika, Stare planine, Valjevskih planina, Avale, Bjelasice. Koautor je projekta Evropskih pe\u0161a\u010dkih puteva E4 i E7, na deonicama kroz Srbiju. Predava\u010d je na seminarima u planinarstvu u raznovrsnim disciplinama, posebno u oblasti planiranja, trasiranja i obele\u017eavanja planinarskih puteva. Trenutno je predsednik Komisije za za\u0161titu prirode planina u Planinarskom savezu Srbije. \u010clan je izdava\u010dkog saveta PSS i bio glavni urednik \u010dasopisa &#8222;Planinarski glasnik&#8220;.<\/p>\n","protected":false},"excerpt":{"rendered":"<p>In\u017eenjer geologije, specijalnosti In\u017eenjerske geologije i Hidrogeologije. 1971-2000. &#8222;Geozavod&#8220; (Zavod za geolo\u0161ka istra\u017eivanja)2000-2008. Sekretar sekretarijata za za\u0161titu \u017eivotne sredine grada Beograda, 2008-2010., na\u010delnik Odeljenja za&hellip;<\/p>\n","protected":false},"author":1,"featured_media":0,"parent":0,"menu_order":0,"comment_status":"closed","ping_status":"closed","template":"","meta":{"footnotes":""},"class_list":["post-229","page","type-page","status-publish","hentry"],"yoast_head":"<!-- This site is optimized with the Yoast SEO plugin v24.9 - https:\/\/yoast.com\/wordpress\/plugins\/seo\/ -->\n<title>Branislav Bo\u017eovi\u0107, dipl. in\u017e. geologije - Nacionalna ekolo\u0161ka asocijacija<\/title>\n<meta name=\"robots\" content=\"index, follow, max-snippet:-1, max-image-preview:large, max-video-preview:-1\" \/>\n<link rel=\"canonical\" href=\"https:\/\/nea.rs\/index.php\/branislav-bozovic-dipl-inz-geologije\/\" \/>\n<meta property=\"og:locale\" content=\"sr_RS\" \/>\n<meta property=\"og:type\" content=\"article\" \/>\n<meta property=\"og:title\" content=\"Branislav Bo\u017eovi\u0107, dipl. in\u017e. geologije - Nacionalna ekolo\u0161ka asocijacija\" \/>\n<meta property=\"og:description\" content=\"In\u017eenjer geologije, specijalnosti In\u017eenjerske geologije i Hidrogeologije. 1971-2000. &#8222;Geozavod&#8220; (Zavod za geolo\u0161ka istra\u017eivanja)2000-2008. Sekretar sekretarijata za za\u0161titu \u017eivotne sredine grada Beograda, 2008-2010., na\u010delnik Odeljenja za&hellip;\" \/>\n<meta property=\"og:url\" content=\"https:\/\/nea.rs\/index.php\/branislav-bozovic-dipl-inz-geologije\/\" \/>\n<meta property=\"og:site_name\" content=\"Nacionalna ekolo\u0161ka asocijacija\" \/>\n<meta property=\"article:publisher\" content=\"https:\/\/www.facebook.com\/NEASrbija\" \/>\n<meta property=\"article:modified_time\" content=\"2021-05-05T17:56:28+00:00\" \/>\n<meta property=\"og:image\" content=\"https:\/\/nea.rs\/wp-content\/uploads\/2021\/05\/branislav_bozovic-1.png\" \/>\n<meta name=\"twitter:card\" content=\"summary_large_image\" \/>\n<meta name=\"twitter:site\" content=\"@NEASrbija\" \/>\n<meta name=\"twitter:label1\" content=\"Procenjeno vreme \u010ditanja\" \/>\n\t<meta name=\"twitter:data1\" content=\"2 minuta\" \/>\n<script type=\"application\/ld+json\" class=\"yoast-schema-graph\">{\"@context\":\"https:\/\/schema.org\",\"@graph\":[{\"@type\":\"WebPage\",\"@id\":\"https:\/\/nea.rs\/index.php\/branislav-bozovic-dipl-inz-geologije\/\",\"url\":\"https:\/\/nea.rs\/index.php\/branislav-bozovic-dipl-inz-geologije\/\",\"name\":\"Branislav Bo\u017eovi\u0107, dipl. in\u017e. geologije - Nacionalna ekolo\u0161ka asocijacija\",\"isPartOf\":{\"@id\":\"https:\/\/nea.rs\/#website\"},\"primaryImageOfPage\":{\"@id\":\"https:\/\/nea.rs\/index.php\/branislav-bozovic-dipl-inz-geologije\/#primaryimage\"},\"image\":{\"@id\":\"https:\/\/nea.rs\/index.php\/branislav-bozovic-dipl-inz-geologije\/#primaryimage\"},\"thumbnailUrl\":\"https:\/\/nea.rs\/wp-content\/uploads\/2021\/05\/branislav_bozovic-1.png\",\"datePublished\":\"2021-05-04T06:45:54+00:00\",\"dateModified\":\"2021-05-05T17:56:28+00:00\",\"breadcrumb\":{\"@id\":\"https:\/\/nea.rs\/index.php\/branislav-bozovic-dipl-inz-geologije\/#breadcrumb\"},\"inLanguage\":\"sr-RS\",\"potentialAction\":[{\"@type\":\"ReadAction\",\"target\":[\"https:\/\/nea.rs\/index.php\/branislav-bozovic-dipl-inz-geologije\/\"]}]},{\"@type\":\"ImageObject\",\"inLanguage\":\"sr-RS\",\"@id\":\"https:\/\/nea.rs\/index.php\/branislav-bozovic-dipl-inz-geologije\/#primaryimage\",\"url\":\"https:\/\/nea.rs\/wp-content\/uploads\/2021\/05\/branislav_bozovic-1.png\",\"contentUrl\":\"https:\/\/nea.rs\/wp-content\/uploads\/2021\/05\/branislav_bozovic-1.png\",\"width\":90,\"height\":105,\"caption\":\"Branislav Bo\u017eovi\u0107\"},{\"@type\":\"BreadcrumbList\",\"@id\":\"https:\/\/nea.rs\/index.php\/branislav-bozovic-dipl-inz-geologije\/#breadcrumb\",\"itemListElement\":[{\"@type\":\"ListItem\",\"position\":1,\"name\":\"Po\u010detna\",\"item\":\"https:\/\/nea.rs\/\"},{\"@type\":\"ListItem\",\"position\":2,\"name\":\"Branislav Bo\u017eovi\u0107, dipl. in\u017e. geologije\"}]},{\"@type\":\"WebSite\",\"@id\":\"https:\/\/nea.rs\/#website\",\"url\":\"https:\/\/nea.rs\/\",\"name\":\"Nacionalna ekolo\u0161ka asocijacija\",\"description\":\"\",\"publisher\":{\"@id\":\"https:\/\/nea.rs\/#organization\"},\"potentialAction\":[{\"@type\":\"SearchAction\",\"target\":{\"@type\":\"EntryPoint\",\"urlTemplate\":\"https:\/\/nea.rs\/?s={search_term_string}\"},\"query-input\":{\"@type\":\"PropertyValueSpecification\",\"valueRequired\":true,\"valueName\":\"search_term_string\"}}],\"inLanguage\":\"sr-RS\"},{\"@type\":\"Organization\",\"@id\":\"https:\/\/nea.rs\/#organization\",\"name\":\"Nacionalna ekolo\u0161ka asocijacija\",\"url\":\"https:\/\/nea.rs\/\",\"logo\":{\"@type\":\"ImageObject\",\"inLanguage\":\"sr-RS\",\"@id\":\"https:\/\/nea.rs\/#\/schema\/logo\/image\/\",\"url\":\"https:\/\/nea.rs\/wp-content\/uploads\/2021\/05\/cropped-logoNEA_crop_180_nowhite.jpg\",\"contentUrl\":\"https:\/\/nea.rs\/wp-content\/uploads\/2021\/05\/cropped-logoNEA_crop_180_nowhite.jpg\",\"width\":276,\"height\":154,\"caption\":\"Nacionalna ekolo\u0161ka asocijacija\"},\"image\":{\"@id\":\"https:\/\/nea.rs\/#\/schema\/logo\/image\/\"},\"sameAs\":[\"https:\/\/www.facebook.com\/NEASrbija\",\"https:\/\/x.com\/NEASrbija\",\"https:\/\/www.instagram.com\/neasrbija\/\",\"https:\/\/www.youtube.com\/channel\/UCxwdyhNFV-rjanyqj7JIFow\"]}]}<\/script>\n<!-- \/ Yoast SEO plugin. -->","yoast_head_json":{"title":"Branislav Bo\u017eovi\u0107, dipl. in\u017e. geologije - Nacionalna ekolo\u0161ka asocijacija","robots":{"index":"index","follow":"follow","max-snippet":"max-snippet:-1","max-image-preview":"max-image-preview:large","max-video-preview":"max-video-preview:-1"},"canonical":"https:\/\/nea.rs\/index.php\/branislav-bozovic-dipl-inz-geologije\/","og_locale":"sr_RS","og_type":"article","og_title":"Branislav Bo\u017eovi\u0107, dipl. in\u017e. geologije - Nacionalna ekolo\u0161ka asocijacija","og_description":"In\u017eenjer geologije, specijalnosti In\u017eenjerske geologije i Hidrogeologije. 1971-2000. &#8222;Geozavod&#8220; (Zavod za geolo\u0161ka istra\u017eivanja)2000-2008. Sekretar sekretarijata za za\u0161titu \u017eivotne sredine grada Beograda, 2008-2010., na\u010delnik Odeljenja za&hellip;","og_url":"https:\/\/nea.rs\/index.php\/branislav-bozovic-dipl-inz-geologije\/","og_site_name":"Nacionalna ekolo\u0161ka asocijacija","article_publisher":"https:\/\/www.facebook.com\/NEASrbija","article_modified_time":"2021-05-05T17:56:28+00:00","og_image":[{"url":"https:\/\/nea.rs\/wp-content\/uploads\/2021\/05\/branislav_bozovic-1.png","type":"","width":"","height":""}],"twitter_card":"summary_large_image","twitter_site":"@NEASrbija","twitter_misc":{"Procenjeno vreme \u010ditanja":"2 minuta"},"schema":{"@context":"https:\/\/schema.org","@graph":[{"@type":"WebPage","@id":"https:\/\/nea.rs\/index.php\/branislav-bozovic-dipl-inz-geologije\/","url":"https:\/\/nea.rs\/index.php\/branislav-bozovic-dipl-inz-geologije\/","name":"Branislav Bo\u017eovi\u0107, dipl. in\u017e. geologije - Nacionalna ekolo\u0161ka asocijacija","isPartOf":{"@id":"https:\/\/nea.rs\/#website"},"primaryImageOfPage":{"@id":"https:\/\/nea.rs\/index.php\/branislav-bozovic-dipl-inz-geologije\/#primaryimage"},"image":{"@id":"https:\/\/nea.rs\/index.php\/branislav-bozovic-dipl-inz-geologije\/#primaryimage"},"thumbnailUrl":"https:\/\/nea.rs\/wp-content\/uploads\/2021\/05\/branislav_bozovic-1.png","datePublished":"2021-05-04T06:45:54+00:00","dateModified":"2021-05-05T17:56:28+00:00","breadcrumb":{"@id":"https:\/\/nea.rs\/index.php\/branislav-bozovic-dipl-inz-geologije\/#breadcrumb"},"inLanguage":"sr-RS","potentialAction":[{"@type":"ReadAction","target":["https:\/\/nea.rs\/index.php\/branislav-bozovic-dipl-inz-geologije\/"]}]},{"@type":"ImageObject","inLanguage":"sr-RS","@id":"https:\/\/nea.rs\/index.php\/branislav-bozovic-dipl-inz-geologije\/#primaryimage","url":"https:\/\/nea.rs\/wp-content\/uploads\/2021\/05\/branislav_bozovic-1.png","contentUrl":"https:\/\/nea.rs\/wp-content\/uploads\/2021\/05\/branislav_bozovic-1.png","width":90,"height":105,"caption":"Branislav Bo\u017eovi\u0107"},{"@type":"BreadcrumbList","@id":"https:\/\/nea.rs\/index.php\/branislav-bozovic-dipl-inz-geologije\/#breadcrumb","itemListElement":[{"@type":"ListItem","position":1,"name":"Po\u010detna","item":"https:\/\/nea.rs\/"},{"@type":"ListItem","position":2,"name":"Branislav Bo\u017eovi\u0107, dipl. in\u017e. geologije"}]},{"@type":"WebSite","@id":"https:\/\/nea.rs\/#website","url":"https:\/\/nea.rs\/","name":"Nacionalna ekolo\u0161ka asocijacija","description":"","publisher":{"@id":"https:\/\/nea.rs\/#organization"},"potentialAction":[{"@type":"SearchAction","target":{"@type":"EntryPoint","urlTemplate":"https:\/\/nea.rs\/?s={search_term_string}"},"query-input":{"@type":"PropertyValueSpecification","valueRequired":true,"valueName":"search_term_string"}}],"inLanguage":"sr-RS"},{"@type":"Organization","@id":"https:\/\/nea.rs\/#organization","name":"Nacionalna ekolo\u0161ka asocijacija","url":"https:\/\/nea.rs\/","logo":{"@type":"ImageObject","inLanguage":"sr-RS","@id":"https:\/\/nea.rs\/#\/schema\/logo\/image\/","url":"https:\/\/nea.rs\/wp-content\/uploads\/2021\/05\/cropped-logoNEA_crop_180_nowhite.jpg","contentUrl":"https:\/\/nea.rs\/wp-content\/uploads\/2021\/05\/cropped-logoNEA_crop_180_nowhite.jpg","width":276,"height":154,"caption":"Nacionalna ekolo\u0161ka asocijacija"},"image":{"@id":"https:\/\/nea.rs\/#\/schema\/logo\/image\/"},"sameAs":["https:\/\/www.facebook.com\/NEASrbija","https:\/\/x.com\/NEASrbija","https:\/\/www.instagram.com\/neasrbija\/","https:\/\/www.youtube.com\/channel\/UCxwdyhNFV-rjanyqj7JIFow"]}]}},"jetpack_sharing_enabled":true,"_links":{"self":[{"href":"https:\/\/nea.rs\/index.php\/wp-json\/wp\/v2\/pages\/229","targetHints":{"allow":["GET"]}}],"collection":[{"href":"https:\/\/nea.rs\/index.php\/wp-json\/wp\/v2\/pages"}],"about":[{"href":"https:\/\/nea.rs\/index.php\/wp-json\/wp\/v2\/types\/page"}],"author":[{"embeddable":true,"href":"https:\/\/nea.rs\/index.php\/wp-json\/wp\/v2\/users\/1"}],"replies":[{"embeddable":true,"href":"https:\/\/nea.rs\/index.php\/wp-json\/wp\/v2\/comments?post=229"}],"version-history":[{"count":2,"href":"https:\/\/nea.rs\/index.php\/wp-json\/wp\/v2\/pages\/229\/revisions"}],"predecessor-version":[{"id":346,"href":"https:\/\/nea.rs\/index.php\/wp-json\/wp\/v2\/pages\/229\/revisions\/346"}],"wp:attachment":[{"href":"https:\/\/nea.rs\/index.php\/wp-json\/wp\/v2\/media?parent=229"}],"curies":[{"name":"wp","href":"https:\/\/api.w.org\/{rel}","templated":true}]}}