{"id":223,"date":"2021-05-04T06:43:40","date_gmt":"2021-05-04T06:43:40","guid":{"rendered":"https:\/\/nea.rs\/?page_id=223"},"modified":"2021-05-16T17:14:20","modified_gmt":"2021-05-16T17:14:20","slug":"milenko-jovanovic-dipl-meteorolog","status":"publish","type":"page","link":"https:\/\/nea.rs\/index.php\/milenko-jovanovic-dipl-meteorolog\/","title":{"rendered":"Milenko Jovanovi\u0107, dipl. meteorolog"},"content":{"rendered":"\n<figure class=\"wp-block-image size-large\"><img loading=\"lazy\" decoding=\"async\" width=\"90\" height=\"105\" src=\"https:\/\/nea.rs\/wp-content\/uploads\/2021\/05\/milenko_jovanovic-1.png\" alt=\"\" class=\"wp-image-169\"\/><\/figure>\n\n\n\n<p>Diplomirao na Prirodno-matemati\u010dkom fakultetu u Beogradu 1976. godine, na Institutu za fiziku, smer meteorologija, zvanje Dipl. meteorolog. 0d 1976. do 2000. radio u SHMZ (Savezni hidrometeorolo\u0161ki zavod) na poslovima osnovnih i vazduhoplovnih prognoza (obezbe\u0111enje vazdu\u0161nog saobra\u0107aja u SFRJ).<\/p>\n\n\n\n<p>Od 2001-2003. Pomo\u0107nik direktora za meteorologiju i v.d. Direktora SHMZ. Nakon toga Na\u010delnik odeljenja za utvr\u0111ivanje uslova i stanja sistema za\u0161tite \u017eivotne sredine u Ministarstvu za za\u0161titu prirodnih bogatstava, \u017eivotne sredine i odr\u017eivog razvoja.<\/p>\n\n\n\n<p>Od osnivanja Agencije za za\u0161titu \u017eivotne sredine 2004. godine, deo je njenog stru\u010dnog tima. Poslednjih 8 godina je Na\u010delnik odeljenja za indikatore, izve\u0161tavanje i informacioni sistem, Odeljenja za kontrolu kvaliteta vazduha. Koordinator je uspostavljanja dr\u017eavnog monitoringa kvaliteta vazduha na 36 mernih stanica \u0161irom Srbije.<\/p>\n","protected":false},"excerpt":{"rendered":"<p>Diplomirao na Prirodno-matemati\u010dkom fakultetu u Beogradu 1976. godine, na Institutu za fiziku, smer meteorologija, zvanje Dipl. meteorolog. 0d 1976. do 2000. radio u SHMZ (Savezni&hellip;<\/p>\n","protected":false},"author":1,"featured_media":0,"parent":0,"menu_order":0,"comment_status":"closed","ping_status":"closed","template":"","meta":{"footnotes":""},"class_list":["post-223","page","type-page","status-publish","hentry"],"yoast_head":"<!-- This site is optimized with the Yoast SEO plugin v24.9 - https:\/\/yoast.com\/wordpress\/plugins\/seo\/ -->\n<title>Milenko Jovanovi\u0107, dipl. meteorolog - Nacionalna ekolo\u0161ka asocijacija<\/title>\n<meta name=\"robots\" content=\"index, follow, max-snippet:-1, max-image-preview:large, max-video-preview:-1\" \/>\n<link rel=\"canonical\" href=\"https:\/\/nea.rs\/index.php\/milenko-jovanovic-dipl-meteorolog\/\" \/>\n<meta property=\"og:locale\" content=\"sr_RS\" \/>\n<meta property=\"og:type\" content=\"article\" \/>\n<meta property=\"og:title\" content=\"Milenko Jovanovi\u0107, dipl. meteorolog - Nacionalna ekolo\u0161ka asocijacija\" \/>\n<meta property=\"og:description\" content=\"Diplomirao na Prirodno-matemati\u010dkom fakultetu u Beogradu 1976. godine, na Institutu za fiziku, smer meteorologija, zvanje Dipl. meteorolog. 0d 1976. do 2000. radio u SHMZ (Savezni&hellip;\" \/>\n<meta property=\"og:url\" content=\"https:\/\/nea.rs\/index.php\/milenko-jovanovic-dipl-meteorolog\/\" \/>\n<meta property=\"og:site_name\" content=\"Nacionalna ekolo\u0161ka asocijacija\" \/>\n<meta property=\"article:publisher\" content=\"https:\/\/www.facebook.com\/NEASrbija\" \/>\n<meta property=\"article:modified_time\" content=\"2021-05-16T17:14:20+00:00\" \/>\n<meta property=\"og:image\" content=\"https:\/\/nea.rs\/wp-content\/uploads\/2021\/05\/milenko_jovanovic-1.png\" \/>\n<meta name=\"twitter:card\" content=\"summary_large_image\" \/>\n<meta name=\"twitter:site\" content=\"@NEASrbija\" \/>\n<meta name=\"twitter:label1\" content=\"Procenjeno vreme \u010ditanja\" \/>\n\t<meta name=\"twitter:data1\" content=\"1 minut\" \/>\n<script type=\"application\/ld+json\" class=\"yoast-schema-graph\">{\"@context\":\"https:\/\/schema.org\",\"@graph\":[{\"@type\":\"WebPage\",\"@id\":\"https:\/\/nea.rs\/index.php\/milenko-jovanovic-dipl-meteorolog\/\",\"url\":\"https:\/\/nea.rs\/index.php\/milenko-jovanovic-dipl-meteorolog\/\",\"name\":\"Milenko Jovanovi\u0107, dipl. meteorolog - Nacionalna ekolo\u0161ka asocijacija\",\"isPartOf\":{\"@id\":\"https:\/\/nea.rs\/#website\"},\"primaryImageOfPage\":{\"@id\":\"https:\/\/nea.rs\/index.php\/milenko-jovanovic-dipl-meteorolog\/#primaryimage\"},\"image\":{\"@id\":\"https:\/\/nea.rs\/index.php\/milenko-jovanovic-dipl-meteorolog\/#primaryimage\"},\"thumbnailUrl\":\"https:\/\/nea.rs\/wp-content\/uploads\/2021\/05\/milenko_jovanovic-1.png\",\"datePublished\":\"2021-05-04T06:43:40+00:00\",\"dateModified\":\"2021-05-16T17:14:20+00:00\",\"breadcrumb\":{\"@id\":\"https:\/\/nea.rs\/index.php\/milenko-jovanovic-dipl-meteorolog\/#breadcrumb\"},\"inLanguage\":\"sr-RS\",\"potentialAction\":[{\"@type\":\"ReadAction\",\"target\":[\"https:\/\/nea.rs\/index.php\/milenko-jovanovic-dipl-meteorolog\/\"]}]},{\"@type\":\"ImageObject\",\"inLanguage\":\"sr-RS\",\"@id\":\"https:\/\/nea.rs\/index.php\/milenko-jovanovic-dipl-meteorolog\/#primaryimage\",\"url\":\"https:\/\/nea.rs\/wp-content\/uploads\/2021\/05\/milenko_jovanovic-1.png\",\"contentUrl\":\"https:\/\/nea.rs\/wp-content\/uploads\/2021\/05\/milenko_jovanovic-1.png\",\"width\":90,\"height\":105,\"caption\":\"Milenko Jovanovi\u0107\"},{\"@type\":\"BreadcrumbList\",\"@id\":\"https:\/\/nea.rs\/index.php\/milenko-jovanovic-dipl-meteorolog\/#breadcrumb\",\"itemListElement\":[{\"@type\":\"ListItem\",\"position\":1,\"name\":\"Po\u010detna\",\"item\":\"https:\/\/nea.rs\/\"},{\"@type\":\"ListItem\",\"position\":2,\"name\":\"Milenko Jovanovi\u0107, dipl. meteorolog\"}]},{\"@type\":\"WebSite\",\"@id\":\"https:\/\/nea.rs\/#website\",\"url\":\"https:\/\/nea.rs\/\",\"name\":\"Nacionalna ekolo\u0161ka asocijacija\",\"description\":\"\",\"publisher\":{\"@id\":\"https:\/\/nea.rs\/#organization\"},\"potentialAction\":[{\"@type\":\"SearchAction\",\"target\":{\"@type\":\"EntryPoint\",\"urlTemplate\":\"https:\/\/nea.rs\/?s={search_term_string}\"},\"query-input\":{\"@type\":\"PropertyValueSpecification\",\"valueRequired\":true,\"valueName\":\"search_term_string\"}}],\"inLanguage\":\"sr-RS\"},{\"@type\":\"Organization\",\"@id\":\"https:\/\/nea.rs\/#organization\",\"name\":\"Nacionalna ekolo\u0161ka asocijacija\",\"url\":\"https:\/\/nea.rs\/\",\"logo\":{\"@type\":\"ImageObject\",\"inLanguage\":\"sr-RS\",\"@id\":\"https:\/\/nea.rs\/#\/schema\/logo\/image\/\",\"url\":\"https:\/\/nea.rs\/wp-content\/uploads\/2021\/05\/cropped-logoNEA_crop_180_nowhite.jpg\",\"contentUrl\":\"https:\/\/nea.rs\/wp-content\/uploads\/2021\/05\/cropped-logoNEA_crop_180_nowhite.jpg\",\"width\":276,\"height\":154,\"caption\":\"Nacionalna ekolo\u0161ka asocijacija\"},\"image\":{\"@id\":\"https:\/\/nea.rs\/#\/schema\/logo\/image\/\"},\"sameAs\":[\"https:\/\/www.facebook.com\/NEASrbija\",\"https:\/\/x.com\/NEASrbija\",\"https:\/\/www.instagram.com\/neasrbija\/\",\"https:\/\/www.youtube.com\/channel\/UCxwdyhNFV-rjanyqj7JIFow\"]}]}<\/script>\n<!-- \/ Yoast SEO plugin. -->","yoast_head_json":{"title":"Milenko Jovanovi\u0107, dipl. meteorolog - Nacionalna ekolo\u0161ka asocijacija","robots":{"index":"index","follow":"follow","max-snippet":"max-snippet:-1","max-image-preview":"max-image-preview:large","max-video-preview":"max-video-preview:-1"},"canonical":"https:\/\/nea.rs\/index.php\/milenko-jovanovic-dipl-meteorolog\/","og_locale":"sr_RS","og_type":"article","og_title":"Milenko Jovanovi\u0107, dipl. meteorolog - Nacionalna ekolo\u0161ka asocijacija","og_description":"Diplomirao na Prirodno-matemati\u010dkom fakultetu u Beogradu 1976. godine, na Institutu za fiziku, smer meteorologija, zvanje Dipl. meteorolog. 0d 1976. do 2000. radio u SHMZ (Savezni&hellip;","og_url":"https:\/\/nea.rs\/index.php\/milenko-jovanovic-dipl-meteorolog\/","og_site_name":"Nacionalna ekolo\u0161ka asocijacija","article_publisher":"https:\/\/www.facebook.com\/NEASrbija","article_modified_time":"2021-05-16T17:14:20+00:00","og_image":[{"url":"https:\/\/nea.rs\/wp-content\/uploads\/2021\/05\/milenko_jovanovic-1.png","type":"","width":"","height":""}],"twitter_card":"summary_large_image","twitter_site":"@NEASrbija","twitter_misc":{"Procenjeno vreme \u010ditanja":"1 minut"},"schema":{"@context":"https:\/\/schema.org","@graph":[{"@type":"WebPage","@id":"https:\/\/nea.rs\/index.php\/milenko-jovanovic-dipl-meteorolog\/","url":"https:\/\/nea.rs\/index.php\/milenko-jovanovic-dipl-meteorolog\/","name":"Milenko Jovanovi\u0107, dipl. meteorolog - Nacionalna ekolo\u0161ka asocijacija","isPartOf":{"@id":"https:\/\/nea.rs\/#website"},"primaryImageOfPage":{"@id":"https:\/\/nea.rs\/index.php\/milenko-jovanovic-dipl-meteorolog\/#primaryimage"},"image":{"@id":"https:\/\/nea.rs\/index.php\/milenko-jovanovic-dipl-meteorolog\/#primaryimage"},"thumbnailUrl":"https:\/\/nea.rs\/wp-content\/uploads\/2021\/05\/milenko_jovanovic-1.png","datePublished":"2021-05-04T06:43:40+00:00","dateModified":"2021-05-16T17:14:20+00:00","breadcrumb":{"@id":"https:\/\/nea.rs\/index.php\/milenko-jovanovic-dipl-meteorolog\/#breadcrumb"},"inLanguage":"sr-RS","potentialAction":[{"@type":"ReadAction","target":["https:\/\/nea.rs\/index.php\/milenko-jovanovic-dipl-meteorolog\/"]}]},{"@type":"ImageObject","inLanguage":"sr-RS","@id":"https:\/\/nea.rs\/index.php\/milenko-jovanovic-dipl-meteorolog\/#primaryimage","url":"https:\/\/nea.rs\/wp-content\/uploads\/2021\/05\/milenko_jovanovic-1.png","contentUrl":"https:\/\/nea.rs\/wp-content\/uploads\/2021\/05\/milenko_jovanovic-1.png","width":90,"height":105,"caption":"Milenko Jovanovi\u0107"},{"@type":"BreadcrumbList","@id":"https:\/\/nea.rs\/index.php\/milenko-jovanovic-dipl-meteorolog\/#breadcrumb","itemListElement":[{"@type":"ListItem","position":1,"name":"Po\u010detna","item":"https:\/\/nea.rs\/"},{"@type":"ListItem","position":2,"name":"Milenko Jovanovi\u0107, dipl. meteorolog"}]},{"@type":"WebSite","@id":"https:\/\/nea.rs\/#website","url":"https:\/\/nea.rs\/","name":"Nacionalna ekolo\u0161ka asocijacija","description":"","publisher":{"@id":"https:\/\/nea.rs\/#organization"},"potentialAction":[{"@type":"SearchAction","target":{"@type":"EntryPoint","urlTemplate":"https:\/\/nea.rs\/?s={search_term_string}"},"query-input":{"@type":"PropertyValueSpecification","valueRequired":true,"valueName":"search_term_string"}}],"inLanguage":"sr-RS"},{"@type":"Organization","@id":"https:\/\/nea.rs\/#organization","name":"Nacionalna ekolo\u0161ka asocijacija","url":"https:\/\/nea.rs\/","logo":{"@type":"ImageObject","inLanguage":"sr-RS","@id":"https:\/\/nea.rs\/#\/schema\/logo\/image\/","url":"https:\/\/nea.rs\/wp-content\/uploads\/2021\/05\/cropped-logoNEA_crop_180_nowhite.jpg","contentUrl":"https:\/\/nea.rs\/wp-content\/uploads\/2021\/05\/cropped-logoNEA_crop_180_nowhite.jpg","width":276,"height":154,"caption":"Nacionalna ekolo\u0161ka asocijacija"},"image":{"@id":"https:\/\/nea.rs\/#\/schema\/logo\/image\/"},"sameAs":["https:\/\/www.facebook.com\/NEASrbija","https:\/\/x.com\/NEASrbija","https:\/\/www.instagram.com\/neasrbija\/","https:\/\/www.youtube.com\/channel\/UCxwdyhNFV-rjanyqj7JIFow"]}]}},"jetpack_sharing_enabled":true,"_links":{"self":[{"href":"https:\/\/nea.rs\/index.php\/wp-json\/wp\/v2\/pages\/223","targetHints":{"allow":["GET"]}}],"collection":[{"href":"https:\/\/nea.rs\/index.php\/wp-json\/wp\/v2\/pages"}],"about":[{"href":"https:\/\/nea.rs\/index.php\/wp-json\/wp\/v2\/types\/page"}],"author":[{"embeddable":true,"href":"https:\/\/nea.rs\/index.php\/wp-json\/wp\/v2\/users\/1"}],"replies":[{"embeddable":true,"href":"https:\/\/nea.rs\/index.php\/wp-json\/wp\/v2\/comments?post=223"}],"version-history":[{"count":2,"href":"https:\/\/nea.rs\/index.php\/wp-json\/wp\/v2\/pages\/223\/revisions"}],"predecessor-version":[{"id":359,"href":"https:\/\/nea.rs\/index.php\/wp-json\/wp\/v2\/pages\/223\/revisions\/359"}],"wp:attachment":[{"href":"https:\/\/nea.rs\/index.php\/wp-json\/wp\/v2\/media?parent=223"}],"curies":[{"name":"wp","href":"https:\/\/api.w.org\/{rel}","templated":true}]}}