{"id":183,"date":"2021-05-03T20:45:13","date_gmt":"2021-05-03T20:45:13","guid":{"rendered":"https:\/\/nea.rs\/?page_id=183"},"modified":"2021-06-24T21:24:10","modified_gmt":"2021-06-24T21:24:10","slug":"partneri","status":"publish","type":"page","link":"https:\/\/nea.rs\/index.php\/partneri\/","title":{"rendered":"Partneri"},"content":{"rendered":"\n<div class=\"wp-block-columns is-layout-flex wp-container-core-columns-is-layout-9d6595d7 wp-block-columns-is-layout-flex\">\n<div class=\"wp-block-column is-vertically-aligned-center is-layout-flow wp-block-column-is-layout-flow\" style=\"flex-basis:100%\">\n<div class=\"wp-block-columns is-layout-flex wp-container-core-columns-is-layout-9d6595d7 wp-block-columns-is-layout-flex\">\n<div class=\"wp-block-column is-layout-flow wp-block-column-is-layout-flow\" style=\"flex-basis:100%\">\n<figure class=\"wp-block-table alignwide is-style-stripes\"><table class=\"has-fixed-layout\"><tbody><tr><td class=\"has-text-align-center\" data-align=\"center\"><a href=\"https:\/\/novastaraplanina.com\/\" target=\"_blank\" rel=\"noreferrer noopener\"><img loading=\"lazy\" decoding=\"async\" width=\"150\" height=\"150\" class=\"wp-image-555\" style=\"width: 150px;\" src=\"https:\/\/nea.rs\/wp-content\/uploads\/2021\/06\/orsp.jpg\" alt=\"\"><\/a><br>Odbranimo reke Stare planine<\/td><td class=\"has-text-align-center\" data-align=\"center\"><a href=\"https:\/\/www.reri.org.rs\/\" target=\"_blank\" rel=\"noreferrer noopener\"><img loading=\"lazy\" decoding=\"async\" width=\"150\" height=\"150\" class=\"wp-image-560\" style=\"width: 150px;\" src=\"https:\/\/nea.rs\/wp-content\/uploads\/2021\/06\/RERI.png\" alt=\"\"><\/a><br><a href=\"https:\/\/www.reri.org.rs\/\" target=\"_blank\" rel=\"noreferrer noopener\">Regulatorni institut za obnovljivu energiju i \u017eivotnu sredinu<\/a><\/td><td class=\"has-text-align-center\" data-align=\"center\"><a href=\"https:\/\/www.novioptimizam.rs\/\" target=\"_blank\" rel=\"noreferrer noopener\"><img loading=\"lazy\" decoding=\"async\" width=\"150\" height=\"150\" class=\"wp-image-554\" style=\"width: 150px;\" src=\"https:\/\/nea.rs\/wp-content\/uploads\/2021\/06\/novi_optimizam.jpg\" alt=\"\"><\/a><br><a href=\"https:\/\/www.novioptimizam.rs\/\" target=\"_blank\" rel=\"noreferrer noopener\">Novi optimizam<\/a><\/td><\/tr><tr><td class=\"has-text-align-center\" data-align=\"center\"><a href=\"https:\/\/www.facebook.com\/pokrettvrdjava\/\" target=\"_blank\" rel=\"noreferrer noopener\"><img loading=\"lazy\" decoding=\"async\" width=\"150\" height=\"146\" class=\"wp-image-558\" style=\"width: 150px;\" src=\"https:\/\/nea.rs\/wp-content\/uploads\/2021\/06\/pokret_tvdjava.jpg\" alt=\"\" srcset=\"https:\/\/nea.rs\/wp-content\/uploads\/2021\/06\/pokret_tvdjava.jpg 848w, https:\/\/nea.rs\/wp-content\/uploads\/2021\/06\/pokret_tvdjava-768x746.jpg 768w\" sizes=\"auto, (max-width: 150px) 100vw, 150px\" \/><\/a><br><a href=\"https:\/\/www.facebook.com\/pokrettvrdjava\/\" target=\"_blank\" rel=\"noreferrer noopener\">Pokret Tvr\u0111ava<\/a><\/td><td class=\"has-text-align-center\" data-align=\"center\"><a href=\"https:\/\/www.bos.rs\/\" target=\"_blank\" rel=\"noreferrer noopener\"><img loading=\"lazy\" decoding=\"async\" width=\"150\" height=\"150\" class=\"wp-image-550\" style=\"width: 150px;\" src=\"https:\/\/nea.rs\/wp-content\/uploads\/2021\/06\/bos.png\" alt=\"\"><\/a><br><a href=\"https:\/\/www.bos.rs\/\" target=\"_blank\" rel=\"noreferrer noopener\">Beogradska otvorena \u0161kola<\/a><\/td><td class=\"has-text-align-center\" data-align=\"center\"><a href=\"https:\/\/www.facebook.com\/BitkazaKosutnjak\/\" target=\"_blank\" rel=\"noreferrer noopener\"><img loading=\"lazy\" decoding=\"async\" width=\"150\" height=\"150\" class=\"wp-image-549\" style=\"width: 150px;\" src=\"https:\/\/nea.rs\/wp-content\/uploads\/2021\/06\/bitka_za_kosutnjak.jpg\" alt=\"\"><\/a><br><a href=\"https:\/\/www.facebook.com\/BitkazaKosutnjak\/\" target=\"_blank\" rel=\"noreferrer noopener\">Bitka za Ko\u0161utnjak<\/a><\/td><\/tr><tr><td class=\"has-text-align-center\" data-align=\"center\"><a href=\"https:\/\/savskinasip.com\/\" target=\"_blank\" rel=\"noreferrer noopener\"><img loading=\"lazy\" decoding=\"async\" width=\"150\" height=\"150\" class=\"wp-image-561\" style=\"width: 150px;\" src=\"https:\/\/nea.rs\/wp-content\/uploads\/2021\/06\/savski_nasip.jpg\" alt=\"\"><\/a><br><a href=\"https:\/\/savskinasip.com\/\" target=\"_blank\" rel=\"noreferrer noopener\">Savski nasip<\/a><\/td><td class=\"has-text-align-center\" data-align=\"center\"><a href=\"https:\/\/kors.org.rs\/\" target=\"_blank\" rel=\"noreferrer noopener\"><img loading=\"lazy\" decoding=\"async\" width=\"150\" height=\"149\" class=\"wp-image-553\" style=\"width: 150px;\" src=\"https:\/\/nea.rs\/wp-content\/uploads\/2021\/06\/KORS.jpg\" alt=\"\"><\/a><br><a href=\"https:\/\/kors.org.rs\/\" target=\"_blank\" rel=\"noreferrer noopener\">Koalicija za otvoreno rudarstvo u Srbiji<\/a><\/td><td class=\"has-text-align-center\" data-align=\"center\"><a href=\"https:\/\/www.facebook.com\/jadar.radjevina\/\" target=\"_blank\" rel=\"noreferrer noopener\"><img loading=\"lazy\" decoding=\"async\" width=\"150\" height=\"150\" class=\"wp-image-562\" style=\"width: 150px;\" src=\"https:\/\/nea.rs\/wp-content\/uploads\/2021\/06\/zastitimo_jadar_i_radjevinu.jpg\" alt=\"\" srcset=\"https:\/\/nea.rs\/wp-content\/uploads\/2021\/06\/zastitimo_jadar_i_radjevinu.jpg 1214w, https:\/\/nea.rs\/wp-content\/uploads\/2021\/06\/zastitimo_jadar_i_radjevinu-768x767.jpg 768w\" sizes=\"auto, (max-width: 150px) 100vw, 150px\" \/><\/a><br><a href=\"https:\/\/www.facebook.com\/jadar.radjevina\/\" target=\"_blank\" rel=\"noreferrer noopener\">Za\u0161titimo Jadar i Ra\u0111evinu<\/a><\/td><\/tr><tr><td class=\"has-text-align-center\" data-align=\"center\"><a href=\"https:\/\/www.facebook.com\/pravonavodu\/\" target=\"_blank\" rel=\"noreferrer noopener\"><img loading=\"lazy\" decoding=\"async\" width=\"150\" height=\"150\" class=\"wp-image-559\" style=\"width: 150px;\" src=\"https:\/\/nea.rs\/wp-content\/uploads\/2021\/06\/pravo_na_vodu.jpg\" alt=\"\" srcset=\"https:\/\/nea.rs\/wp-content\/uploads\/2021\/06\/pravo_na_vodu.jpg 2048w, https:\/\/nea.rs\/wp-content\/uploads\/2021\/06\/pravo_na_vodu-768x768.jpg 768w, https:\/\/nea.rs\/wp-content\/uploads\/2021\/06\/pravo_na_vodu-1536x1536.jpg 1536w\" sizes=\"auto, (max-width: 150px) 100vw, 150px\" \/><\/a><br><a href=\"https:\/\/www.facebook.com\/pravonavodu\/\" target=\"_blank\" rel=\"noreferrer noopener\">Pravo na vodu<\/a><\/td><td class=\"has-text-align-center\" data-align=\"center\"><a href=\"https:\/\/www.facebook.com\/EcologicalMedicalExpertsGroupEMEG\/\" target=\"_blank\" rel=\"noreferrer noopener\"><img loading=\"lazy\" decoding=\"async\" width=\"150\" height=\"150\" class=\"wp-image-551\" style=\"width: 150px;\" src=\"https:\/\/nea.rs\/wp-content\/uploads\/2021\/06\/EMEG.jpg\" alt=\"\"><\/a><br><a href=\"https:\/\/www.facebook.com\/EcologicalMedicalExpertsGroupEMEG\/\" target=\"_blank\" rel=\"noreferrer noopener\">Ecological Medical Experts Group<\/a><\/td><td class=\"has-text-align-center\" data-align=\"center\"><a href=\"https:\/\/www.facebook.com\/pages\/category\/Nonprofit-Organization\/Organisation-for-Saving-Nature-and-Animals-OSNA-100235412097486\/\" target=\"_blank\" rel=\"noreferrer noopener\"><img loading=\"lazy\" decoding=\"async\" width=\"150\" height=\"150\" class=\"wp-image-556\" style=\"width: 150px;\" src=\"https:\/\/nea.rs\/wp-content\/uploads\/2021\/06\/OSNA.jpg\" alt=\"\"><\/a><br><a href=\"https:\/\/www.facebook.com\/pages\/category\/Nonprofit-Organization\/Organisation-for-Saving-Nature-and-Animals-OSNA-100235412097486\/\" target=\"_blank\" rel=\"noreferrer noopener\">Organisation for Saving Nature and Animals<\/a><\/td><\/tr><tr><td class=\"has-text-align-center\" data-align=\"center\"><a href=\"https:\/\/www.facebook.com\/PancevoNijeRupa\/\" target=\"_blank\" rel=\"noreferrer noopener\"><img loading=\"lazy\" decoding=\"async\" width=\"150\" height=\"150\" class=\"wp-image-557\" style=\"width: 150px;\" src=\"https:\/\/nea.rs\/wp-content\/uploads\/2021\/06\/pancevo_nije_rupa.png\" alt=\"\"><\/a><br><a href=\"https:\/\/www.facebook.com\/PancevoNijeRupa\/\" target=\"_blank\" rel=\"noreferrer noopener\">Pan\u010devo nije rupa<\/a><\/td><td class=\"has-text-align-center\" data-align=\"center\"><a href=\"https:\/\/www.facebook.com\/nvozelenimost\/\" target=\"_blank\" rel=\"noreferrer noopener\"><img loading=\"lazy\" decoding=\"async\" width=\"150\" height=\"150\" class=\"wp-image-548\" style=\"width: 150px;\" src=\"https:\/\/nea.rs\/wp-content\/uploads\/2021\/06\/zeleni_most.png\" alt=\"\"><\/a><br><a href=\"https:\/\/www.facebook.com\/nvozelenimost\/\" target=\"_blank\" rel=\"noreferrer noopener\">Udru\u017eenje Zeleni most<\/a><\/td><td class=\"has-text-align-center\" data-align=\"center\"><a href=\"https:\/\/www.facebook.com\/pages\/category\/Community-Organization\/UG-Kom%C5%A1ija-Krnja%C4%8Da-100279155337979\/\" target=\"_blank\" rel=\"noreferrer noopener\"><img loading=\"lazy\" decoding=\"async\" width=\"150\" height=\"150\" class=\"wp-image-552\" style=\"width: 150px;\" src=\"https:\/\/nea.rs\/wp-content\/uploads\/2021\/06\/komsije_krnjaca.png\" alt=\"\"><\/a><br><a href=\"https:\/\/www.facebook.com\/pages\/category\/Community-Organization\/UG-Kom%C5%A1ija-Krnja%C4%8Da-100279155337979\/\" target=\"_blank\" rel=\"noreferrer noopener\">UG Kom\u0161ije Krnja\u010da<\/a><\/td><\/tr><\/tbody><\/table><\/figure>\n<\/div>\n<\/div>\n<\/div>\n<\/div>\n","protected":false},"excerpt":{"rendered":"<p>Odbranimo reke Stare planine Regulatorni institut za obnovljivu energiju i \u017eivotnu sredinu Novi optimizam Pokret Tvr\u0111ava Beogradska otvorena \u0161kola Bitka za Ko\u0161utnjak Savski nasip Koalicija&hellip;<\/p>\n","protected":false},"author":1,"featured_media":0,"parent":0,"menu_order":0,"comment_status":"closed","ping_status":"closed","template":"","meta":{"footnotes":""},"class_list":["post-183","page","type-page","status-publish","hentry"],"yoast_head":"<!-- This site is optimized with the Yoast SEO plugin v24.9 - https:\/\/yoast.com\/wordpress\/plugins\/seo\/ -->\n<title>Partneri - Nacionalna ekolo\u0161ka asocijacija<\/title>\n<meta name=\"robots\" content=\"index, follow, max-snippet:-1, max-image-preview:large, max-video-preview:-1\" \/>\n<link rel=\"canonical\" href=\"https:\/\/nea.rs\/index.php\/partneri\/\" \/>\n<meta property=\"og:locale\" content=\"sr_RS\" \/>\n<meta property=\"og:type\" content=\"article\" \/>\n<meta property=\"og:title\" content=\"Partneri - Nacionalna ekolo\u0161ka asocijacija\" \/>\n<meta property=\"og:description\" content=\"Odbranimo reke Stare planine Regulatorni institut za obnovljivu energiju i \u017eivotnu sredinu Novi optimizam Pokret Tvr\u0111ava Beogradska otvorena \u0161kola Bitka za Ko\u0161utnjak Savski nasip Koalicija&hellip;\" \/>\n<meta property=\"og:url\" content=\"https:\/\/nea.rs\/index.php\/partneri\/\" \/>\n<meta property=\"og:site_name\" content=\"Nacionalna ekolo\u0161ka asocijacija\" \/>\n<meta property=\"article:publisher\" content=\"https:\/\/www.facebook.com\/NEASrbija\" \/>\n<meta property=\"article:modified_time\" content=\"2021-06-24T21:24:10+00:00\" \/>\n<meta property=\"og:image\" content=\"https:\/\/nea.rs\/wp-content\/uploads\/2021\/06\/orsp.jpg\" \/>\n<meta name=\"twitter:card\" content=\"summary_large_image\" \/>\n<meta name=\"twitter:site\" content=\"@NEASrbija\" \/>\n<meta name=\"twitter:label1\" content=\"Procenjeno vreme \u010ditanja\" \/>\n\t<meta name=\"twitter:data1\" content=\"4 minuta\" \/>\n<script type=\"application\/ld+json\" class=\"yoast-schema-graph\">{\"@context\":\"https:\/\/schema.org\",\"@graph\":[{\"@type\":\"WebPage\",\"@id\":\"https:\/\/nea.rs\/index.php\/partneri\/\",\"url\":\"https:\/\/nea.rs\/index.php\/partneri\/\",\"name\":\"Partneri - Nacionalna ekolo\u0161ka asocijacija\",\"isPartOf\":{\"@id\":\"https:\/\/nea.rs\/#website\"},\"primaryImageOfPage\":{\"@id\":\"https:\/\/nea.rs\/index.php\/partneri\/#primaryimage\"},\"image\":{\"@id\":\"https:\/\/nea.rs\/index.php\/partneri\/#primaryimage\"},\"thumbnailUrl\":\"https:\/\/nea.rs\/wp-content\/uploads\/2021\/06\/orsp.jpg\",\"datePublished\":\"2021-05-03T20:45:13+00:00\",\"dateModified\":\"2021-06-24T21:24:10+00:00\",\"breadcrumb\":{\"@id\":\"https:\/\/nea.rs\/index.php\/partneri\/#breadcrumb\"},\"inLanguage\":\"sr-RS\",\"potentialAction\":[{\"@type\":\"ReadAction\",\"target\":[\"https:\/\/nea.rs\/index.php\/partneri\/\"]}]},{\"@type\":\"ImageObject\",\"inLanguage\":\"sr-RS\",\"@id\":\"https:\/\/nea.rs\/index.php\/partneri\/#primaryimage\",\"url\":\"https:\/\/nea.rs\/wp-content\/uploads\/2021\/06\/orsp.jpg\",\"contentUrl\":\"https:\/\/nea.rs\/wp-content\/uploads\/2021\/06\/orsp.jpg\",\"width\":400,\"height\":400},{\"@type\":\"BreadcrumbList\",\"@id\":\"https:\/\/nea.rs\/index.php\/partneri\/#breadcrumb\",\"itemListElement\":[{\"@type\":\"ListItem\",\"position\":1,\"name\":\"Po\u010detna\",\"item\":\"https:\/\/nea.rs\/\"},{\"@type\":\"ListItem\",\"position\":2,\"name\":\"Partneri\"}]},{\"@type\":\"WebSite\",\"@id\":\"https:\/\/nea.rs\/#website\",\"url\":\"https:\/\/nea.rs\/\",\"name\":\"Nacionalna ekolo\u0161ka asocijacija\",\"description\":\"\",\"publisher\":{\"@id\":\"https:\/\/nea.rs\/#organization\"},\"potentialAction\":[{\"@type\":\"SearchAction\",\"target\":{\"@type\":\"EntryPoint\",\"urlTemplate\":\"https:\/\/nea.rs\/?s={search_term_string}\"},\"query-input\":{\"@type\":\"PropertyValueSpecification\",\"valueRequired\":true,\"valueName\":\"search_term_string\"}}],\"inLanguage\":\"sr-RS\"},{\"@type\":\"Organization\",\"@id\":\"https:\/\/nea.rs\/#organization\",\"name\":\"Nacionalna ekolo\u0161ka asocijacija\",\"url\":\"https:\/\/nea.rs\/\",\"logo\":{\"@type\":\"ImageObject\",\"inLanguage\":\"sr-RS\",\"@id\":\"https:\/\/nea.rs\/#\/schema\/logo\/image\/\",\"url\":\"https:\/\/nea.rs\/wp-content\/uploads\/2021\/05\/cropped-logoNEA_crop_180_nowhite.jpg\",\"contentUrl\":\"https:\/\/nea.rs\/wp-content\/uploads\/2021\/05\/cropped-logoNEA_crop_180_nowhite.jpg\",\"width\":276,\"height\":154,\"caption\":\"Nacionalna ekolo\u0161ka asocijacija\"},\"image\":{\"@id\":\"https:\/\/nea.rs\/#\/schema\/logo\/image\/\"},\"sameAs\":[\"https:\/\/www.facebook.com\/NEASrbija\",\"https:\/\/x.com\/NEASrbija\",\"https:\/\/www.instagram.com\/neasrbija\/\",\"https:\/\/www.youtube.com\/channel\/UCxwdyhNFV-rjanyqj7JIFow\"]}]}<\/script>\n<!-- \/ Yoast SEO plugin. -->","yoast_head_json":{"title":"Partneri - Nacionalna ekolo\u0161ka asocijacija","robots":{"index":"index","follow":"follow","max-snippet":"max-snippet:-1","max-image-preview":"max-image-preview:large","max-video-preview":"max-video-preview:-1"},"canonical":"https:\/\/nea.rs\/index.php\/partneri\/","og_locale":"sr_RS","og_type":"article","og_title":"Partneri - Nacionalna ekolo\u0161ka asocijacija","og_description":"Odbranimo reke Stare planine Regulatorni institut za obnovljivu energiju i \u017eivotnu sredinu Novi optimizam Pokret Tvr\u0111ava Beogradska otvorena \u0161kola Bitka za Ko\u0161utnjak Savski nasip Koalicija&hellip;","og_url":"https:\/\/nea.rs\/index.php\/partneri\/","og_site_name":"Nacionalna ekolo\u0161ka asocijacija","article_publisher":"https:\/\/www.facebook.com\/NEASrbija","article_modified_time":"2021-06-24T21:24:10+00:00","og_image":[{"url":"https:\/\/nea.rs\/wp-content\/uploads\/2021\/06\/orsp.jpg","type":"","width":"","height":""}],"twitter_card":"summary_large_image","twitter_site":"@NEASrbija","twitter_misc":{"Procenjeno vreme \u010ditanja":"4 minuta"},"schema":{"@context":"https:\/\/schema.org","@graph":[{"@type":"WebPage","@id":"https:\/\/nea.rs\/index.php\/partneri\/","url":"https:\/\/nea.rs\/index.php\/partneri\/","name":"Partneri - Nacionalna ekolo\u0161ka asocijacija","isPartOf":{"@id":"https:\/\/nea.rs\/#website"},"primaryImageOfPage":{"@id":"https:\/\/nea.rs\/index.php\/partneri\/#primaryimage"},"image":{"@id":"https:\/\/nea.rs\/index.php\/partneri\/#primaryimage"},"thumbnailUrl":"https:\/\/nea.rs\/wp-content\/uploads\/2021\/06\/orsp.jpg","datePublished":"2021-05-03T20:45:13+00:00","dateModified":"2021-06-24T21:24:10+00:00","breadcrumb":{"@id":"https:\/\/nea.rs\/index.php\/partneri\/#breadcrumb"},"inLanguage":"sr-RS","potentialAction":[{"@type":"ReadAction","target":["https:\/\/nea.rs\/index.php\/partneri\/"]}]},{"@type":"ImageObject","inLanguage":"sr-RS","@id":"https:\/\/nea.rs\/index.php\/partneri\/#primaryimage","url":"https:\/\/nea.rs\/wp-content\/uploads\/2021\/06\/orsp.jpg","contentUrl":"https:\/\/nea.rs\/wp-content\/uploads\/2021\/06\/orsp.jpg","width":400,"height":400},{"@type":"BreadcrumbList","@id":"https:\/\/nea.rs\/index.php\/partneri\/#breadcrumb","itemListElement":[{"@type":"ListItem","position":1,"name":"Po\u010detna","item":"https:\/\/nea.rs\/"},{"@type":"ListItem","position":2,"name":"Partneri"}]},{"@type":"WebSite","@id":"https:\/\/nea.rs\/#website","url":"https:\/\/nea.rs\/","name":"Nacionalna ekolo\u0161ka asocijacija","description":"","publisher":{"@id":"https:\/\/nea.rs\/#organization"},"potentialAction":[{"@type":"SearchAction","target":{"@type":"EntryPoint","urlTemplate":"https:\/\/nea.rs\/?s={search_term_string}"},"query-input":{"@type":"PropertyValueSpecification","valueRequired":true,"valueName":"search_term_string"}}],"inLanguage":"sr-RS"},{"@type":"Organization","@id":"https:\/\/nea.rs\/#organization","name":"Nacionalna ekolo\u0161ka asocijacija","url":"https:\/\/nea.rs\/","logo":{"@type":"ImageObject","inLanguage":"sr-RS","@id":"https:\/\/nea.rs\/#\/schema\/logo\/image\/","url":"https:\/\/nea.rs\/wp-content\/uploads\/2021\/05\/cropped-logoNEA_crop_180_nowhite.jpg","contentUrl":"https:\/\/nea.rs\/wp-content\/uploads\/2021\/05\/cropped-logoNEA_crop_180_nowhite.jpg","width":276,"height":154,"caption":"Nacionalna ekolo\u0161ka asocijacija"},"image":{"@id":"https:\/\/nea.rs\/#\/schema\/logo\/image\/"},"sameAs":["https:\/\/www.facebook.com\/NEASrbija","https:\/\/x.com\/NEASrbija","https:\/\/www.instagram.com\/neasrbija\/","https:\/\/www.youtube.com\/channel\/UCxwdyhNFV-rjanyqj7JIFow"]}]}},"jetpack_sharing_enabled":true,"_links":{"self":[{"href":"https:\/\/nea.rs\/index.php\/wp-json\/wp\/v2\/pages\/183","targetHints":{"allow":["GET"]}}],"collection":[{"href":"https:\/\/nea.rs\/index.php\/wp-json\/wp\/v2\/pages"}],"about":[{"href":"https:\/\/nea.rs\/index.php\/wp-json\/wp\/v2\/types\/page"}],"author":[{"embeddable":true,"href":"https:\/\/nea.rs\/index.php\/wp-json\/wp\/v2\/users\/1"}],"replies":[{"embeddable":true,"href":"https:\/\/nea.rs\/index.php\/wp-json\/wp\/v2\/comments?post=183"}],"version-history":[{"count":6,"href":"https:\/\/nea.rs\/index.php\/wp-json\/wp\/v2\/pages\/183\/revisions"}],"predecessor-version":[{"id":567,"href":"https:\/\/nea.rs\/index.php\/wp-json\/wp\/v2\/pages\/183\/revisions\/567"}],"wp:attachment":[{"href":"https:\/\/nea.rs\/index.php\/wp-json\/wp\/v2\/media?parent=183"}],"curies":[{"name":"wp","href":"https:\/\/api.w.org\/{rel}","templated":true}]}}