{"id":155,"date":"2021-05-03T20:24:55","date_gmt":"2021-05-03T20:24:55","guid":{"rendered":"https:\/\/nea.rs\/?page_id=155"},"modified":"2021-05-05T08:07:10","modified_gmt":"2021-05-05T08:07:10","slug":"misija-i-ciljevi","status":"publish","type":"page","link":"https:\/\/nea.rs\/index.php\/misija-i-ciljevi\/","title":{"rendered":"Misija i ciljevi"},"content":{"rendered":"\n<ul class=\"wp-block-list\"><li>O\u010duvanje i za\u0161tita \u017eivotne sredine, prirodnih resursa i postoje\u0107eg prirodnog okru\u017eenja,<\/li><li>O\u010duvanje i za\u0161tita ekosistema u smislu njegovog kvaliteta, celovitosti i raznovrsnosti,<\/li><li>O\u010duvanje ekolo\u0161ke stabilnosti prirode, kao i koli\u010dine i kvaliteta prirodnih bogatstava,<\/li><li>Spre\u010davanje opasnosti i rizika po \u017eivotnu sredinu,<\/li><li>Podizanje svesti i razumevanja u vezi zna\u010daja za\u0161tite \u017eivotne sredine, prilago\u0111avanja klimatskim promenama i odr\u017eivog razvoja, naro\u010dito me\u0111u decom i mladima,<\/li><li>Promovisanje u\u010de\u0161\u0107a pojedinaca i zajednice u za\u0161titi \u017eivotne sredine kroz volonterske akcije o\u010duvanja \u017eivotne sredine i na druge na\u010dine,<\/li><li>Promovisanje kori\u0161\u0107enja ekolo\u0161ki prihvatljivih resursa,<\/li><li>Unapre\u0111ivanje prou\u010davanja ekolo\u0161ke odr\u017eivosti i promovisanje otvorene razmene i \u0161iroke primene ste\u010denog znanja,<\/li><li>Ostvarivanje uticaja na javnost u pogledu promena navika u kori\u0161\u0107enju i \u010duvanju prirodnih resursa i postupanja sa otpadnim materijalima,<\/li><li>Podsticanje implementacije me\u0111unarodno prihva\u0107enih standarda unapre\u0111enja i o\u010duvanja \u017eivotne sredine i podr\u0161ka pri sprovo\u0111enju strategija o\u010duvanja i za\u0161tite prirode,<\/li><li>Regionalna saradnja na pitanjima o\u010duvanja prirodnih resursa i za\u0161tite \u017eivotne sredine.<\/li><\/ul>\n","protected":false},"excerpt":{"rendered":"<p>O\u010duvanje i za\u0161tita \u017eivotne sredine, prirodnih resursa i postoje\u0107eg prirodnog okru\u017eenja, O\u010duvanje i za\u0161tita ekosistema u smislu njegovog kvaliteta, celovitosti i raznovrsnosti, O\u010duvanje ekolo\u0161ke stabilnosti&hellip;<\/p>\n","protected":false},"author":1,"featured_media":0,"parent":0,"menu_order":0,"comment_status":"closed","ping_status":"closed","template":"","meta":{"footnotes":""},"class_list":["post-155","page","type-page","status-publish","hentry"],"yoast_head":"<!-- This site is optimized with the Yoast SEO plugin v24.9 - https:\/\/yoast.com\/wordpress\/plugins\/seo\/ -->\n<title>Misija i ciljevi - Nacionalna ekolo\u0161ka asocijacija<\/title>\n<meta name=\"robots\" content=\"index, follow, max-snippet:-1, max-image-preview:large, max-video-preview:-1\" \/>\n<link rel=\"canonical\" href=\"https:\/\/nea.rs\/index.php\/misija-i-ciljevi\/\" \/>\n<meta property=\"og:locale\" content=\"sr_RS\" \/>\n<meta property=\"og:type\" content=\"article\" \/>\n<meta property=\"og:title\" content=\"Misija i ciljevi - Nacionalna ekolo\u0161ka asocijacija\" \/>\n<meta property=\"og:description\" content=\"O\u010duvanje i za\u0161tita \u017eivotne sredine, prirodnih resursa i postoje\u0107eg prirodnog okru\u017eenja, O\u010duvanje i za\u0161tita ekosistema u smislu njegovog kvaliteta, celovitosti i raznovrsnosti, O\u010duvanje ekolo\u0161ke stabilnosti&hellip;\" \/>\n<meta property=\"og:url\" content=\"https:\/\/nea.rs\/index.php\/misija-i-ciljevi\/\" \/>\n<meta property=\"og:site_name\" content=\"Nacionalna ekolo\u0161ka asocijacija\" \/>\n<meta property=\"article:publisher\" content=\"https:\/\/www.facebook.com\/NEASrbija\" \/>\n<meta property=\"article:modified_time\" content=\"2021-05-05T08:07:10+00:00\" \/>\n<meta name=\"twitter:card\" content=\"summary_large_image\" \/>\n<meta name=\"twitter:site\" content=\"@NEASrbija\" \/>\n<meta name=\"twitter:label1\" content=\"Procenjeno vreme \u010ditanja\" \/>\n\t<meta name=\"twitter:data1\" content=\"1 minut\" \/>\n<script type=\"application\/ld+json\" class=\"yoast-schema-graph\">{\"@context\":\"https:\/\/schema.org\",\"@graph\":[{\"@type\":\"WebPage\",\"@id\":\"https:\/\/nea.rs\/index.php\/misija-i-ciljevi\/\",\"url\":\"https:\/\/nea.rs\/index.php\/misija-i-ciljevi\/\",\"name\":\"Misija i ciljevi - Nacionalna ekolo\u0161ka asocijacija\",\"isPartOf\":{\"@id\":\"https:\/\/nea.rs\/#website\"},\"datePublished\":\"2021-05-03T20:24:55+00:00\",\"dateModified\":\"2021-05-05T08:07:10+00:00\",\"breadcrumb\":{\"@id\":\"https:\/\/nea.rs\/index.php\/misija-i-ciljevi\/#breadcrumb\"},\"inLanguage\":\"sr-RS\",\"potentialAction\":[{\"@type\":\"ReadAction\",\"target\":[\"https:\/\/nea.rs\/index.php\/misija-i-ciljevi\/\"]}]},{\"@type\":\"BreadcrumbList\",\"@id\":\"https:\/\/nea.rs\/index.php\/misija-i-ciljevi\/#breadcrumb\",\"itemListElement\":[{\"@type\":\"ListItem\",\"position\":1,\"name\":\"Po\u010detna\",\"item\":\"https:\/\/nea.rs\/\"},{\"@type\":\"ListItem\",\"position\":2,\"name\":\"Misija i ciljevi\"}]},{\"@type\":\"WebSite\",\"@id\":\"https:\/\/nea.rs\/#website\",\"url\":\"https:\/\/nea.rs\/\",\"name\":\"Nacionalna ekolo\u0161ka asocijacija\",\"description\":\"\",\"publisher\":{\"@id\":\"https:\/\/nea.rs\/#organization\"},\"potentialAction\":[{\"@type\":\"SearchAction\",\"target\":{\"@type\":\"EntryPoint\",\"urlTemplate\":\"https:\/\/nea.rs\/?s={search_term_string}\"},\"query-input\":{\"@type\":\"PropertyValueSpecification\",\"valueRequired\":true,\"valueName\":\"search_term_string\"}}],\"inLanguage\":\"sr-RS\"},{\"@type\":\"Organization\",\"@id\":\"https:\/\/nea.rs\/#organization\",\"name\":\"Nacionalna ekolo\u0161ka asocijacija\",\"url\":\"https:\/\/nea.rs\/\",\"logo\":{\"@type\":\"ImageObject\",\"inLanguage\":\"sr-RS\",\"@id\":\"https:\/\/nea.rs\/#\/schema\/logo\/image\/\",\"url\":\"https:\/\/nea.rs\/wp-content\/uploads\/2021\/05\/cropped-logoNEA_crop_180_nowhite.jpg\",\"contentUrl\":\"https:\/\/nea.rs\/wp-content\/uploads\/2021\/05\/cropped-logoNEA_crop_180_nowhite.jpg\",\"width\":276,\"height\":154,\"caption\":\"Nacionalna ekolo\u0161ka asocijacija\"},\"image\":{\"@id\":\"https:\/\/nea.rs\/#\/schema\/logo\/image\/\"},\"sameAs\":[\"https:\/\/www.facebook.com\/NEASrbija\",\"https:\/\/x.com\/NEASrbija\",\"https:\/\/www.instagram.com\/neasrbija\/\",\"https:\/\/www.youtube.com\/channel\/UCxwdyhNFV-rjanyqj7JIFow\"]}]}<\/script>\n<!-- \/ Yoast SEO plugin. -->","yoast_head_json":{"title":"Misija i ciljevi - Nacionalna ekolo\u0161ka asocijacija","robots":{"index":"index","follow":"follow","max-snippet":"max-snippet:-1","max-image-preview":"max-image-preview:large","max-video-preview":"max-video-preview:-1"},"canonical":"https:\/\/nea.rs\/index.php\/misija-i-ciljevi\/","og_locale":"sr_RS","og_type":"article","og_title":"Misija i ciljevi - Nacionalna ekolo\u0161ka asocijacija","og_description":"O\u010duvanje i za\u0161tita \u017eivotne sredine, prirodnih resursa i postoje\u0107eg prirodnog okru\u017eenja, O\u010duvanje i za\u0161tita ekosistema u smislu njegovog kvaliteta, celovitosti i raznovrsnosti, O\u010duvanje ekolo\u0161ke stabilnosti&hellip;","og_url":"https:\/\/nea.rs\/index.php\/misija-i-ciljevi\/","og_site_name":"Nacionalna ekolo\u0161ka asocijacija","article_publisher":"https:\/\/www.facebook.com\/NEASrbija","article_modified_time":"2021-05-05T08:07:10+00:00","twitter_card":"summary_large_image","twitter_site":"@NEASrbija","twitter_misc":{"Procenjeno vreme \u010ditanja":"1 minut"},"schema":{"@context":"https:\/\/schema.org","@graph":[{"@type":"WebPage","@id":"https:\/\/nea.rs\/index.php\/misija-i-ciljevi\/","url":"https:\/\/nea.rs\/index.php\/misija-i-ciljevi\/","name":"Misija i ciljevi - Nacionalna ekolo\u0161ka asocijacija","isPartOf":{"@id":"https:\/\/nea.rs\/#website"},"datePublished":"2021-05-03T20:24:55+00:00","dateModified":"2021-05-05T08:07:10+00:00","breadcrumb":{"@id":"https:\/\/nea.rs\/index.php\/misija-i-ciljevi\/#breadcrumb"},"inLanguage":"sr-RS","potentialAction":[{"@type":"ReadAction","target":["https:\/\/nea.rs\/index.php\/misija-i-ciljevi\/"]}]},{"@type":"BreadcrumbList","@id":"https:\/\/nea.rs\/index.php\/misija-i-ciljevi\/#breadcrumb","itemListElement":[{"@type":"ListItem","position":1,"name":"Po\u010detna","item":"https:\/\/nea.rs\/"},{"@type":"ListItem","position":2,"name":"Misija i ciljevi"}]},{"@type":"WebSite","@id":"https:\/\/nea.rs\/#website","url":"https:\/\/nea.rs\/","name":"Nacionalna ekolo\u0161ka asocijacija","description":"","publisher":{"@id":"https:\/\/nea.rs\/#organization"},"potentialAction":[{"@type":"SearchAction","target":{"@type":"EntryPoint","urlTemplate":"https:\/\/nea.rs\/?s={search_term_string}"},"query-input":{"@type":"PropertyValueSpecification","valueRequired":true,"valueName":"search_term_string"}}],"inLanguage":"sr-RS"},{"@type":"Organization","@id":"https:\/\/nea.rs\/#organization","name":"Nacionalna ekolo\u0161ka asocijacija","url":"https:\/\/nea.rs\/","logo":{"@type":"ImageObject","inLanguage":"sr-RS","@id":"https:\/\/nea.rs\/#\/schema\/logo\/image\/","url":"https:\/\/nea.rs\/wp-content\/uploads\/2021\/05\/cropped-logoNEA_crop_180_nowhite.jpg","contentUrl":"https:\/\/nea.rs\/wp-content\/uploads\/2021\/05\/cropped-logoNEA_crop_180_nowhite.jpg","width":276,"height":154,"caption":"Nacionalna ekolo\u0161ka asocijacija"},"image":{"@id":"https:\/\/nea.rs\/#\/schema\/logo\/image\/"},"sameAs":["https:\/\/www.facebook.com\/NEASrbija","https:\/\/x.com\/NEASrbija","https:\/\/www.instagram.com\/neasrbija\/","https:\/\/www.youtube.com\/channel\/UCxwdyhNFV-rjanyqj7JIFow"]}]}},"jetpack_sharing_enabled":true,"_links":{"self":[{"href":"https:\/\/nea.rs\/index.php\/wp-json\/wp\/v2\/pages\/155","targetHints":{"allow":["GET"]}}],"collection":[{"href":"https:\/\/nea.rs\/index.php\/wp-json\/wp\/v2\/pages"}],"about":[{"href":"https:\/\/nea.rs\/index.php\/wp-json\/wp\/v2\/types\/page"}],"author":[{"embeddable":true,"href":"https:\/\/nea.rs\/index.php\/wp-json\/wp\/v2\/users\/1"}],"replies":[{"embeddable":true,"href":"https:\/\/nea.rs\/index.php\/wp-json\/wp\/v2\/comments?post=155"}],"version-history":[{"count":1,"href":"https:\/\/nea.rs\/index.php\/wp-json\/wp\/v2\/pages\/155\/revisions"}],"predecessor-version":[{"id":156,"href":"https:\/\/nea.rs\/index.php\/wp-json\/wp\/v2\/pages\/155\/revisions\/156"}],"wp:attachment":[{"href":"https:\/\/nea.rs\/index.php\/wp-json\/wp\/v2\/media?parent=155"}],"curies":[{"name":"wp","href":"https:\/\/api.w.org\/{rel}","templated":true}]}}