{"id":1323,"date":"2024-06-27T08:50:13","date_gmt":"2024-06-27T08:50:13","guid":{"rendered":"https:\/\/nea.rs\/?page_id=1323"},"modified":"2024-06-27T08:54:28","modified_gmt":"2024-06-27T08:54:28","slug":"dr-branislava-matic-doktor-medicine","status":"publish","type":"page","link":"https:\/\/nea.rs\/index.php\/dr-branislava-matic-doktor-medicine\/","title":{"rendered":"dr Branislava Mati\u0107, doktor medicine"},"content":{"rendered":"\n<figure class=\"wp-block-image size-full\"><img loading=\"lazy\" decoding=\"async\" width=\"76\" height=\"105\" src=\"https:\/\/nea.rs\/wp-content\/uploads\/2024\/06\/bmatic-Custom-Custom.jpg\" alt=\"\" class=\"wp-image-1324\"\/><\/figure>\n\n\n\n<p>Od 2000. radi u Institutu za javno zdravlje Srbije u \u0161iroj oblasti uticaja \u0161tetnih emisija u \u017eivotnu sredinu na zdravlje izlo\u017eenih populacionih grupa i to: ambijentalni i vazduh zatvorenog prostora; industrijski kontaminirani lokaliteti; uticaj hemikalija na zdravlje; upravljanje opasnim otpadom, humani biomonitoring. Od 2014. je \u0161ef Odseka za humanu ekologiju i \u0161kolsku higijenu u Institutu. U\u010destvovala u brojnim me\u0111unarodnim i nacionalnim projektima iz pomenutih oblasti. Od 2013 Nacionalni korespondent Ministarstva zdravlja za \u017eivotnu sredinu i zdravlje za saradnju sa Svetskom zdravstvenom organizacijom, za oblasti vazduh, hemikalije i opasan otpad. Autor je vi\u0161e od 50 stru\u010dnih radova. <a href=\"https:\/\/www.researchgate.net\/profile\/Branislava-Matic\">https:\/\/www.researchgate.net\/profile\/Branislava-Matic<\/a><\/p>\n\n\n\n<p>Govori engleski, ruski i gr\u010dki, sa pasivnim znanjem francuskog. Doktor medicine, specijalista higijene sa medicinskom ekologijom, primarijus i doktor medicinskih nauka.<\/p>\n","protected":false},"excerpt":{"rendered":"<p>Od 2000. radi u Institutu za javno zdravlje Srbije u \u0161iroj oblasti uticaja \u0161tetnih emisija u \u017eivotnu sredinu na zdravlje izlo\u017eenih populacionih grupa i to:&hellip;<\/p>\n","protected":false},"author":1,"featured_media":0,"parent":0,"menu_order":0,"comment_status":"closed","ping_status":"closed","template":"","meta":{"footnotes":""},"class_list":["post-1323","page","type-page","status-publish","hentry"],"yoast_head":"<!-- This site is optimized with the Yoast SEO plugin v24.9 - https:\/\/yoast.com\/wordpress\/plugins\/seo\/ -->\n<title>dr Branislava Mati\u0107, doktor medicine - Nacionalna ekolo\u0161ka asocijacija<\/title>\n<meta name=\"robots\" content=\"index, follow, max-snippet:-1, max-image-preview:large, max-video-preview:-1\" \/>\n<link rel=\"canonical\" href=\"https:\/\/nea.rs\/index.php\/dr-branislava-matic-doktor-medicine\/\" \/>\n<meta property=\"og:locale\" content=\"sr_RS\" \/>\n<meta property=\"og:type\" content=\"article\" \/>\n<meta property=\"og:title\" content=\"dr Branislava Mati\u0107, doktor medicine - Nacionalna ekolo\u0161ka asocijacija\" \/>\n<meta property=\"og:description\" content=\"Od 2000. radi u Institutu za javno zdravlje Srbije u \u0161iroj oblasti uticaja \u0161tetnih emisija u \u017eivotnu sredinu na zdravlje izlo\u017eenih populacionih grupa i to:&hellip;\" \/>\n<meta property=\"og:url\" content=\"https:\/\/nea.rs\/index.php\/dr-branislava-matic-doktor-medicine\/\" \/>\n<meta property=\"og:site_name\" content=\"Nacionalna ekolo\u0161ka asocijacija\" \/>\n<meta property=\"article:publisher\" content=\"https:\/\/www.facebook.com\/NEASrbija\" \/>\n<meta property=\"article:modified_time\" content=\"2024-06-27T08:54:28+00:00\" \/>\n<meta property=\"og:image\" content=\"https:\/\/nea.rs\/wp-content\/uploads\/2024\/06\/bmatic-Custom-Custom.jpg\" \/>\n<meta name=\"twitter:card\" content=\"summary_large_image\" \/>\n<meta name=\"twitter:site\" content=\"@NEASrbija\" \/>\n<meta name=\"twitter:label1\" content=\"Procenjeno vreme \u010ditanja\" \/>\n\t<meta name=\"twitter:data1\" content=\"1 minut\" \/>\n<script type=\"application\/ld+json\" class=\"yoast-schema-graph\">{\"@context\":\"https:\/\/schema.org\",\"@graph\":[{\"@type\":\"WebPage\",\"@id\":\"https:\/\/nea.rs\/index.php\/dr-branislava-matic-doktor-medicine\/\",\"url\":\"https:\/\/nea.rs\/index.php\/dr-branislava-matic-doktor-medicine\/\",\"name\":\"dr Branislava Mati\u0107, doktor medicine - Nacionalna ekolo\u0161ka asocijacija\",\"isPartOf\":{\"@id\":\"https:\/\/nea.rs\/#website\"},\"primaryImageOfPage\":{\"@id\":\"https:\/\/nea.rs\/index.php\/dr-branislava-matic-doktor-medicine\/#primaryimage\"},\"image\":{\"@id\":\"https:\/\/nea.rs\/index.php\/dr-branislava-matic-doktor-medicine\/#primaryimage\"},\"thumbnailUrl\":\"https:\/\/nea.rs\/wp-content\/uploads\/2024\/06\/bmatic-Custom-Custom.jpg\",\"datePublished\":\"2024-06-27T08:50:13+00:00\",\"dateModified\":\"2024-06-27T08:54:28+00:00\",\"breadcrumb\":{\"@id\":\"https:\/\/nea.rs\/index.php\/dr-branislava-matic-doktor-medicine\/#breadcrumb\"},\"inLanguage\":\"sr-RS\",\"potentialAction\":[{\"@type\":\"ReadAction\",\"target\":[\"https:\/\/nea.rs\/index.php\/dr-branislava-matic-doktor-medicine\/\"]}]},{\"@type\":\"ImageObject\",\"inLanguage\":\"sr-RS\",\"@id\":\"https:\/\/nea.rs\/index.php\/dr-branislava-matic-doktor-medicine\/#primaryimage\",\"url\":\"https:\/\/nea.rs\/wp-content\/uploads\/2024\/06\/bmatic-Custom-Custom.jpg\",\"contentUrl\":\"https:\/\/nea.rs\/wp-content\/uploads\/2024\/06\/bmatic-Custom-Custom.jpg\",\"width\":76,\"height\":105,\"caption\":\"Branislava Mati\u0107\"},{\"@type\":\"BreadcrumbList\",\"@id\":\"https:\/\/nea.rs\/index.php\/dr-branislava-matic-doktor-medicine\/#breadcrumb\",\"itemListElement\":[{\"@type\":\"ListItem\",\"position\":1,\"name\":\"Po\u010detna\",\"item\":\"https:\/\/nea.rs\/\"},{\"@type\":\"ListItem\",\"position\":2,\"name\":\"dr Branislava Mati\u0107, doktor medicine\"}]},{\"@type\":\"WebSite\",\"@id\":\"https:\/\/nea.rs\/#website\",\"url\":\"https:\/\/nea.rs\/\",\"name\":\"Nacionalna ekolo\u0161ka asocijacija\",\"description\":\"\",\"publisher\":{\"@id\":\"https:\/\/nea.rs\/#organization\"},\"potentialAction\":[{\"@type\":\"SearchAction\",\"target\":{\"@type\":\"EntryPoint\",\"urlTemplate\":\"https:\/\/nea.rs\/?s={search_term_string}\"},\"query-input\":{\"@type\":\"PropertyValueSpecification\",\"valueRequired\":true,\"valueName\":\"search_term_string\"}}],\"inLanguage\":\"sr-RS\"},{\"@type\":\"Organization\",\"@id\":\"https:\/\/nea.rs\/#organization\",\"name\":\"Nacionalna ekolo\u0161ka asocijacija\",\"url\":\"https:\/\/nea.rs\/\",\"logo\":{\"@type\":\"ImageObject\",\"inLanguage\":\"sr-RS\",\"@id\":\"https:\/\/nea.rs\/#\/schema\/logo\/image\/\",\"url\":\"https:\/\/nea.rs\/wp-content\/uploads\/2021\/05\/cropped-logoNEA_crop_180_nowhite.jpg\",\"contentUrl\":\"https:\/\/nea.rs\/wp-content\/uploads\/2021\/05\/cropped-logoNEA_crop_180_nowhite.jpg\",\"width\":276,\"height\":154,\"caption\":\"Nacionalna ekolo\u0161ka asocijacija\"},\"image\":{\"@id\":\"https:\/\/nea.rs\/#\/schema\/logo\/image\/\"},\"sameAs\":[\"https:\/\/www.facebook.com\/NEASrbija\",\"https:\/\/x.com\/NEASrbija\",\"https:\/\/www.instagram.com\/neasrbija\/\",\"https:\/\/www.youtube.com\/channel\/UCxwdyhNFV-rjanyqj7JIFow\"]}]}<\/script>\n<!-- \/ Yoast SEO plugin. -->","yoast_head_json":{"title":"dr Branislava Mati\u0107, doktor medicine - Nacionalna ekolo\u0161ka asocijacija","robots":{"index":"index","follow":"follow","max-snippet":"max-snippet:-1","max-image-preview":"max-image-preview:large","max-video-preview":"max-video-preview:-1"},"canonical":"https:\/\/nea.rs\/index.php\/dr-branislava-matic-doktor-medicine\/","og_locale":"sr_RS","og_type":"article","og_title":"dr Branislava Mati\u0107, doktor medicine - Nacionalna ekolo\u0161ka asocijacija","og_description":"Od 2000. radi u Institutu za javno zdravlje Srbije u \u0161iroj oblasti uticaja \u0161tetnih emisija u \u017eivotnu sredinu na zdravlje izlo\u017eenih populacionih grupa i to:&hellip;","og_url":"https:\/\/nea.rs\/index.php\/dr-branislava-matic-doktor-medicine\/","og_site_name":"Nacionalna ekolo\u0161ka asocijacija","article_publisher":"https:\/\/www.facebook.com\/NEASrbija","article_modified_time":"2024-06-27T08:54:28+00:00","og_image":[{"url":"https:\/\/nea.rs\/wp-content\/uploads\/2024\/06\/bmatic-Custom-Custom.jpg","type":"","width":"","height":""}],"twitter_card":"summary_large_image","twitter_site":"@NEASrbija","twitter_misc":{"Procenjeno vreme \u010ditanja":"1 minut"},"schema":{"@context":"https:\/\/schema.org","@graph":[{"@type":"WebPage","@id":"https:\/\/nea.rs\/index.php\/dr-branislava-matic-doktor-medicine\/","url":"https:\/\/nea.rs\/index.php\/dr-branislava-matic-doktor-medicine\/","name":"dr Branislava Mati\u0107, doktor medicine - Nacionalna ekolo\u0161ka asocijacija","isPartOf":{"@id":"https:\/\/nea.rs\/#website"},"primaryImageOfPage":{"@id":"https:\/\/nea.rs\/index.php\/dr-branislava-matic-doktor-medicine\/#primaryimage"},"image":{"@id":"https:\/\/nea.rs\/index.php\/dr-branislava-matic-doktor-medicine\/#primaryimage"},"thumbnailUrl":"https:\/\/nea.rs\/wp-content\/uploads\/2024\/06\/bmatic-Custom-Custom.jpg","datePublished":"2024-06-27T08:50:13+00:00","dateModified":"2024-06-27T08:54:28+00:00","breadcrumb":{"@id":"https:\/\/nea.rs\/index.php\/dr-branislava-matic-doktor-medicine\/#breadcrumb"},"inLanguage":"sr-RS","potentialAction":[{"@type":"ReadAction","target":["https:\/\/nea.rs\/index.php\/dr-branislava-matic-doktor-medicine\/"]}]},{"@type":"ImageObject","inLanguage":"sr-RS","@id":"https:\/\/nea.rs\/index.php\/dr-branislava-matic-doktor-medicine\/#primaryimage","url":"https:\/\/nea.rs\/wp-content\/uploads\/2024\/06\/bmatic-Custom-Custom.jpg","contentUrl":"https:\/\/nea.rs\/wp-content\/uploads\/2024\/06\/bmatic-Custom-Custom.jpg","width":76,"height":105,"caption":"Branislava Mati\u0107"},{"@type":"BreadcrumbList","@id":"https:\/\/nea.rs\/index.php\/dr-branislava-matic-doktor-medicine\/#breadcrumb","itemListElement":[{"@type":"ListItem","position":1,"name":"Po\u010detna","item":"https:\/\/nea.rs\/"},{"@type":"ListItem","position":2,"name":"dr Branislava Mati\u0107, doktor medicine"}]},{"@type":"WebSite","@id":"https:\/\/nea.rs\/#website","url":"https:\/\/nea.rs\/","name":"Nacionalna ekolo\u0161ka asocijacija","description":"","publisher":{"@id":"https:\/\/nea.rs\/#organization"},"potentialAction":[{"@type":"SearchAction","target":{"@type":"EntryPoint","urlTemplate":"https:\/\/nea.rs\/?s={search_term_string}"},"query-input":{"@type":"PropertyValueSpecification","valueRequired":true,"valueName":"search_term_string"}}],"inLanguage":"sr-RS"},{"@type":"Organization","@id":"https:\/\/nea.rs\/#organization","name":"Nacionalna ekolo\u0161ka asocijacija","url":"https:\/\/nea.rs\/","logo":{"@type":"ImageObject","inLanguage":"sr-RS","@id":"https:\/\/nea.rs\/#\/schema\/logo\/image\/","url":"https:\/\/nea.rs\/wp-content\/uploads\/2021\/05\/cropped-logoNEA_crop_180_nowhite.jpg","contentUrl":"https:\/\/nea.rs\/wp-content\/uploads\/2021\/05\/cropped-logoNEA_crop_180_nowhite.jpg","width":276,"height":154,"caption":"Nacionalna ekolo\u0161ka asocijacija"},"image":{"@id":"https:\/\/nea.rs\/#\/schema\/logo\/image\/"},"sameAs":["https:\/\/www.facebook.com\/NEASrbija","https:\/\/x.com\/NEASrbija","https:\/\/www.instagram.com\/neasrbija\/","https:\/\/www.youtube.com\/channel\/UCxwdyhNFV-rjanyqj7JIFow"]}]}},"jetpack_sharing_enabled":true,"_links":{"self":[{"href":"https:\/\/nea.rs\/index.php\/wp-json\/wp\/v2\/pages\/1323","targetHints":{"allow":["GET"]}}],"collection":[{"href":"https:\/\/nea.rs\/index.php\/wp-json\/wp\/v2\/pages"}],"about":[{"href":"https:\/\/nea.rs\/index.php\/wp-json\/wp\/v2\/types\/page"}],"author":[{"embeddable":true,"href":"https:\/\/nea.rs\/index.php\/wp-json\/wp\/v2\/users\/1"}],"replies":[{"embeddable":true,"href":"https:\/\/nea.rs\/index.php\/wp-json\/wp\/v2\/comments?post=1323"}],"version-history":[{"count":1,"href":"https:\/\/nea.rs\/index.php\/wp-json\/wp\/v2\/pages\/1323\/revisions"}],"predecessor-version":[{"id":1325,"href":"https:\/\/nea.rs\/index.php\/wp-json\/wp\/v2\/pages\/1323\/revisions\/1325"}],"wp:attachment":[{"href":"https:\/\/nea.rs\/index.php\/wp-json\/wp\/v2\/media?parent=1323"}],"curies":[{"name":"wp","href":"https:\/\/api.w.org\/{rel}","templated":true}]}}